{"id":2112,"date":"2025-05-08T20:50:18","date_gmt":"2025-05-08T17:50:18","guid":{"rendered":"https:\/\/applego.pl\/?page_id=2112"},"modified":"2025-05-08T21:20:42","modified_gmt":"2025-05-08T18:20:42","slug":"policy","status":"publish","type":"page","link":"https:\/\/applego.pl\/pl\/policy\/","title":{"rendered":"Polityka prywatno\u015bci"},"content":{"rendered":"<div data-elementor-type=\"wp-page\" data-elementor-id=\"2112\" class=\"elementor elementor-2112\">\n\t\t\t\t<div class=\"elementor-element elementor-element-ee3b5d2 e-flex e-con-boxed e-con e-parent\" data-id=\"ee3b5d2\" data-element_type=\"container\">\n\t\t\t\t\t<div class=\"e-con-inner\">\n\t\t\t\t<div class=\"elementor-element elementor-element-beff806 elementor-widget elementor-widget-heading\" data-id=\"beff806\" data-element_type=\"widget\" data-widget_type=\"heading.default\">\n\t\t\t\t<div class=\"elementor-widget-container\">\n\t\t\t\t\t<h2 class=\"elementor-heading-title elementor-size-default\">Polityka prywatno\u015bci<\/h2>\t\t\t\t<\/div>\n\t\t\t\t<\/div>\n\t\t\t\t<div class=\"elementor-element elementor-element-d00f279 elementor-widget elementor-widget-text-editor\" data-id=\"d00f279\" data-element_type=\"widget\" data-widget_type=\"text-editor.default\">\n\t\t\t\t<div class=\"elementor-widget-container\">\n\t\t\t\t\t\t\t\t\t<p>Szanujemy prywatno\u015b\u0107 u\u017cytkownik\u00f3w i dok\u0142adamy wszelkich stara\u0144, aby chroni\u0107 ich dane osobowe.<\/p><ol><li class=\"translation-block\"><b>Gromadzenie danych<\/b> Gromadzimy tylko te dane, kt\u00f3re s\u0105 niezb\u0119dne do przetwarzania zam\u00f3wie\u0144, przekazywania informacji zwrotnych i ulepszania us\u0142ug: imi\u0119 i nazwisko, numer kontaktowy, adres e-mail i adres dostawy.<\/li><li class=\"translation-block\"><b>Wykorzystanie danych<\/b> Gromadzone przez nas informacje s\u0105 wykorzystywane wy\u0142\u0105cznie do realizacji zam\u00f3wie\u0144, kontaktowania si\u0119 z klientami i wysy\u0142ania powiadomie\u0144. Nie przekazujemy danych u\u017cytkownika stronom trzecim bez jego zgody, z wyj\u0105tkiem przypadk\u00f3w wymaganych przez prawo.<\/li><li class=\"translation-block\"><b>Bezpiecze\u0144stwo danych<\/b> Podejmujemy \u015brodki techniczne i organizacyjne w celu ochrony danych u\u017cytkownika przed nieuprawnionym dost\u0119pem.<\/li><li class=\"translation-block\"><b>Pliki cookie<\/b> Witryna mo\u017ce wykorzystywa\u0107 pliki cookie w celu poprawy komfortu u\u017cytkowania. Kontynuuj\u0105c korzystanie z witryny, u\u017cytkownik wyra\u017ca na to zgod\u0119.<\/li><li class=\"translation-block\"><b>Prawa u\u017cytkownika<\/b> U\u017cytkownik ma prawo za\u017c\u0105da\u0107 dost\u0119pu do swoich danych osobowych, ich zmiany lub usuni\u0119cia, przesy\u0142aj\u0105c do nas \u017c\u0105danie za po\u015brednictwem naszego formularza kontaktowego.<\/li><\/ol>\t\t\t\t\t\t\t\t<\/div>\n\t\t\t\t<\/div>\n\t\t\t\t\t<\/div>\n\t\t\t\t<\/div>\n\t\t\t\t<\/div>","protected":false},"excerpt":{"rendered":"<p>\u041c\u044b \u0443\u0432\u0430\u0436\u0430\u0435\u043c \u0432\u0430\u0448\u0443 \u043a\u043e\u043d\u0444\u0438\u0434\u0435\u043d\u0446\u0438\u0430\u043b\u044c\u043d\u043e\u0441\u0442\u044c \u0438 \u043f\u0440\u0438\u043b\u0430\u0433\u0430\u0435\u043c \u0432\u0441\u0435 \u0443\u0441\u0438\u043b\u0438\u044f \u0434\u043b\u044f \u0437\u0430\u0449\u0438\u0442\u044b \u043f\u0435\u0440\u0441\u043e\u043d\u0430\u043b\u044c\u043d\u044b\u0445 \u0434\u0430\u043d\u043d\u044b\u0445. \u0421\u0431\u043e\u0440 \u0434\u0430\u043d\u043d\u044b\u0445\u2028 \u041c\u044b \u0441\u043e\u0431\u0438\u0440\u0430\u0435\u043c \u0442\u043e\u043b\u044c\u043a\u043e \u0442\u0435 \u0434\u0430\u043d\u043d\u044b\u0435, \u043a\u043e\u0442\u043e\u0440\u044b\u0435 \u043d\u0435\u043e\u0431\u0445\u043e\u0434\u0438\u043c\u044b \u0434\u043b\u044f \u043e\u0431\u0440\u0430\u0431\u043e\u0442\u043a\u0438 \u0437\u0430\u043a\u0430\u0437\u043e\u0432, \u043e\u0431\u0440\u0430\u0442\u043d\u043e\u0439 \u0441\u0432\u044f\u0437\u0438 \u0438 \u0443\u043b\u0443\u0447\u0448\u0435\u043d\u0438\u044f \u043a\u0430\u0447\u0435\u0441\u0442\u0432\u0430 \u0441\u0435\u0440\u0432\u0438\u0441\u0430: \u0438\u043c\u044f, \u043a\u043e\u043d\u0442\u0430\u043a\u0442\u043d\u044b\u0439 \u043d\u043e\u043c\u0435\u0440, \u0430\u0434\u0440\u0435\u0441 \u044d\u043b\u0435\u043a\u0442\u0440\u043e\u043d\u043d\u043e\u0439 \u043f\u043e\u0447\u0442\u044b \u0438 \u0430\u0434\u0440\u0435\u0441 \u0434\u043e\u0441\u0442\u0430\u0432\u043a\u0438.\u0418\u0441\u043f\u043e\u043b\u044c\u0437\u043e\u0432\u0430\u043d\u0438\u0435 \u0434\u0430\u043d\u043d\u044b\u0445\u2028 \u041f\u043e\u043b\u0443\u0447\u0435\u043d\u043d\u0430\u044f \u0438\u043d\u0444\u043e\u0440\u043c\u0430\u0446\u0438\u044f \u0438\u0441\u043f\u043e\u043b\u044c\u0437\u0443\u0435\u0442\u0441\u044f \u0438\u0441\u043a\u043b\u044e\u0447\u0438\u0442\u0435\u043b\u044c\u043d\u043e \u0434\u043b\u044f \u0432\u044b\u043f\u043e\u043b\u043d\u0435\u043d\u0438\u044f \u0437\u0430\u043a\u0430\u0437\u043e\u0432, \u0441\u0432\u044f\u0437\u0438 \u0441 \u043a\u043b\u0438\u0435\u043d\u0442\u0430\u043c\u0438 \u0438 \u043e\u0442\u043f\u0440\u0430\u0432\u043a\u0438 \u0443\u0432\u0435\u0434\u043e\u043c\u043b\u0435\u043d\u0438\u0439. \u041c\u044b \u043d\u0435 [&hellip;]<\/p>","protected":false},"author":1,"featured_media":0,"parent":0,"menu_order":0,"comment_status":"closed","ping_status":"closed","template":"","meta":{"inline_featured_image":false,"footnotes":""},"class_list":["post-2112","page","type-page","status-publish","hentry"],"yoast_head":"<!-- This site is optimized with the Yoast SEO plugin v25.2 - https:\/\/yoast.com\/wordpress\/plugins\/seo\/ -->\n<title>\u041f\u043e\u043b\u0438\u0442\u0438\u043a\u0430 \u043a\u043e\u043d\u0444\u0438\u0434\u0435\u043d\u0446\u0438\u0430\u043b\u044c\u043d\u043e\u0441\u0442\u0438 - applego<\/title>\n<meta name=\"robots\" content=\"index, follow, max-snippet:-1, max-image-preview:large, max-video-preview:-1\" \/>\n<link rel=\"canonical\" href=\"https:\/\/applego.pl\/pl\/policy\/\" \/>\n<meta property=\"og:locale\" content=\"pl_PL\" \/>\n<meta property=\"og:type\" content=\"article\" \/>\n<meta property=\"og:title\" content=\"\u041f\u043e\u043b\u0438\u0442\u0438\u043a\u0430 \u043a\u043e\u043d\u0444\u0438\u0434\u0435\u043d\u0446\u0438\u0430\u043b\u044c\u043d\u043e\u0441\u0442\u0438 - applego\" \/>\n<meta property=\"og:description\" content=\"\u041c\u044b \u0443\u0432\u0430\u0436\u0430\u0435\u043c \u0432\u0430\u0448\u0443 \u043a\u043e\u043d\u0444\u0438\u0434\u0435\u043d\u0446\u0438\u0430\u043b\u044c\u043d\u043e\u0441\u0442\u044c \u0438 \u043f\u0440\u0438\u043b\u0430\u0433\u0430\u0435\u043c \u0432\u0441\u0435 \u0443\u0441\u0438\u043b\u0438\u044f \u0434\u043b\u044f \u0437\u0430\u0449\u0438\u0442\u044b \u043f\u0435\u0440\u0441\u043e\u043d\u0430\u043b\u044c\u043d\u044b\u0445 \u0434\u0430\u043d\u043d\u044b\u0445. \u0421\u0431\u043e\u0440 \u0434\u0430\u043d\u043d\u044b\u0445\u2028 \u041c\u044b \u0441\u043e\u0431\u0438\u0440\u0430\u0435\u043c \u0442\u043e\u043b\u044c\u043a\u043e \u0442\u0435 \u0434\u0430\u043d\u043d\u044b\u0435, \u043a\u043e\u0442\u043e\u0440\u044b\u0435 \u043d\u0435\u043e\u0431\u0445\u043e\u0434\u0438\u043c\u044b \u0434\u043b\u044f \u043e\u0431\u0440\u0430\u0431\u043e\u0442\u043a\u0438 \u0437\u0430\u043a\u0430\u0437\u043e\u0432, \u043e\u0431\u0440\u0430\u0442\u043d\u043e\u0439 \u0441\u0432\u044f\u0437\u0438 \u0438 \u0443\u043b\u0443\u0447\u0448\u0435\u043d\u0438\u044f \u043a\u0430\u0447\u0435\u0441\u0442\u0432\u0430 \u0441\u0435\u0440\u0432\u0438\u0441\u0430: \u0438\u043c\u044f, \u043a\u043e\u043d\u0442\u0430\u043a\u0442\u043d\u044b\u0439 \u043d\u043e\u043c\u0435\u0440, \u0430\u0434\u0440\u0435\u0441 \u044d\u043b\u0435\u043a\u0442\u0440\u043e\u043d\u043d\u043e\u0439 \u043f\u043e\u0447\u0442\u044b \u0438 \u0430\u0434\u0440\u0435\u0441 \u0434\u043e\u0441\u0442\u0430\u0432\u043a\u0438.\u0418\u0441\u043f\u043e\u043b\u044c\u0437\u043e\u0432\u0430\u043d\u0438\u0435 \u0434\u0430\u043d\u043d\u044b\u0445\u2028 \u041f\u043e\u043b\u0443\u0447\u0435\u043d\u043d\u0430\u044f \u0438\u043d\u0444\u043e\u0440\u043c\u0430\u0446\u0438\u044f \u0438\u0441\u043f\u043e\u043b\u044c\u0437\u0443\u0435\u0442\u0441\u044f \u0438\u0441\u043a\u043b\u044e\u0447\u0438\u0442\u0435\u043b\u044c\u043d\u043e \u0434\u043b\u044f \u0432\u044b\u043f\u043e\u043b\u043d\u0435\u043d\u0438\u044f \u0437\u0430\u043a\u0430\u0437\u043e\u0432, \u0441\u0432\u044f\u0437\u0438 \u0441 \u043a\u043b\u0438\u0435\u043d\u0442\u0430\u043c\u0438 \u0438 \u043e\u0442\u043f\u0440\u0430\u0432\u043a\u0438 \u0443\u0432\u0435\u0434\u043e\u043c\u043b\u0435\u043d\u0438\u0439. \u041c\u044b \u043d\u0435 [&hellip;]\" \/>\n<meta property=\"og:url\" content=\"https:\/\/applego.pl\/pl\/policy\/\" \/>\n<meta property=\"og:site_name\" content=\"applego\" \/>\n<meta property=\"article:modified_time\" content=\"2025-05-08T18:20:42+00:00\" \/>\n<meta property=\"og:image\" content=\"https:\/\/applego.pl\/wp-content\/uploads\/2025\/06\/baner.png\" \/>\n\t<meta property=\"og:image:width\" content=\"1200\" \/>\n\t<meta property=\"og:image:height\" content=\"675\" \/>\n\t<meta property=\"og:image:type\" content=\"image\/png\" \/>\n<meta name=\"twitter:card\" content=\"summary_large_image\" \/>\n<script type=\"application\/ld+json\" class=\"yoast-schema-graph\">{\"@context\":\"https:\/\/schema.org\",\"@graph\":[{\"@type\":\"WebPage\",\"@id\":\"https:\/\/applego.pl\/policy\/\",\"url\":\"https:\/\/applego.pl\/policy\/\",\"name\":\"\u041f\u043e\u043b\u0438\u0442\u0438\u043a\u0430 \u043a\u043e\u043d\u0444\u0438\u0434\u0435\u043d\u0446\u0438\u0430\u043b\u044c\u043d\u043e\u0441\u0442\u0438 - applego\",\"isPartOf\":{\"@id\":\"https:\/\/applego.pl\/#website\"},\"datePublished\":\"2025-05-08T17:50:18+00:00\",\"dateModified\":\"2025-05-08T18:20:42+00:00\",\"breadcrumb\":{\"@id\":\"https:\/\/applego.pl\/policy\/#breadcrumb\"},\"inLanguage\":\"pl-PL\",\"potentialAction\":[{\"@type\":\"ReadAction\",\"target\":[\"https:\/\/applego.pl\/policy\/\"]}]},{\"@type\":\"BreadcrumbList\",\"@id\":\"https:\/\/applego.pl\/policy\/#breadcrumb\",\"itemListElement\":[{\"@type\":\"ListItem\",\"position\":1,\"name\":\"\u0413\u043b\u0430\u0432\u043d\u0430\u044f \u0441\u0442\u0440\u0430\u043d\u0438\u0446\u0430\",\"item\":\"https:\/\/applego.pl\/\"},{\"@type\":\"ListItem\",\"position\":2,\"name\":\"\u041f\u043e\u043b\u0438\u0442\u0438\u043a\u0430 \u043a\u043e\u043d\u0444\u0438\u0434\u0435\u043d\u0446\u0438\u0430\u043b\u044c\u043d\u043e\u0441\u0442\u0438\"}]},{\"@type\":\"WebSite\",\"@id\":\"https:\/\/applego.pl\/#website\",\"url\":\"https:\/\/applego.pl\/\",\"name\":\"applego\",\"description\":\"\u0421\u0430\u043c\u044b\u0439 \u0443\u0434\u043e\u0431\u043d\u044b\u0439 \u0441\u043f\u043e\u0441\u043e\u0431 \u043a\u0443\u043f\u0438\u0442\u044c \u0438 \u043e\u0431\u0441\u043b\u0443\u0436\u0438\u0442\u044c \u0442\u0435\u0445\u043d\u0438\u043a\u0443 Apple \u0432 \u0412\u0430\u0440\u0448\u0430\u0432\u0435\",\"publisher\":{\"@id\":\"https:\/\/applego.pl\/#organization\"},\"potentialAction\":[{\"@type\":\"SearchAction\",\"target\":{\"@type\":\"EntryPoint\",\"urlTemplate\":\"https:\/\/applego.pl\/?s={search_term_string}\"},\"query-input\":{\"@type\":\"PropertyValueSpecification\",\"valueRequired\":true,\"valueName\":\"search_term_string\"}}],\"inLanguage\":\"pl-PL\"},{\"@type\":\"Organization\",\"@id\":\"https:\/\/applego.pl\/#organization\",\"name\":\"applego\",\"url\":\"https:\/\/applego.pl\/\",\"logo\":{\"@type\":\"ImageObject\",\"inLanguage\":\"pl-PL\",\"@id\":\"https:\/\/applego.pl\/#\/schema\/logo\/image\/\",\"url\":\"https:\/\/applego.pl\/wp-content\/uploads\/2025\/06\/cropped-cropped-fav-1-1.png\",\"contentUrl\":\"https:\/\/applego.pl\/wp-content\/uploads\/2025\/06\/cropped-cropped-fav-1-1.png\",\"width\":512,\"height\":512,\"caption\":\"applego\"},\"image\":{\"@id\":\"https:\/\/applego.pl\/#\/schema\/logo\/image\/\"}}]}<\/script>\n<!-- \/ Yoast SEO plugin. -->","yoast_head_json":{"title":"\u041f\u043e\u043b\u0438\u0442\u0438\u043a\u0430 \u043a\u043e\u043d\u0444\u0438\u0434\u0435\u043d\u0446\u0438\u0430\u043b\u044c\u043d\u043e\u0441\u0442\u0438 - applego","robots":{"index":"index","follow":"follow","max-snippet":"max-snippet:-1","max-image-preview":"max-image-preview:large","max-video-preview":"max-video-preview:-1"},"canonical":"https:\/\/applego.pl\/pl\/policy\/","og_locale":"pl_PL","og_type":"article","og_title":"\u041f\u043e\u043b\u0438\u0442\u0438\u043a\u0430 \u043a\u043e\u043d\u0444\u0438\u0434\u0435\u043d\u0446\u0438\u0430\u043b\u044c\u043d\u043e\u0441\u0442\u0438 - applego","og_description":"\u041c\u044b \u0443\u0432\u0430\u0436\u0430\u0435\u043c \u0432\u0430\u0448\u0443 \u043a\u043e\u043d\u0444\u0438\u0434\u0435\u043d\u0446\u0438\u0430\u043b\u044c\u043d\u043e\u0441\u0442\u044c \u0438 \u043f\u0440\u0438\u043b\u0430\u0433\u0430\u0435\u043c \u0432\u0441\u0435 \u0443\u0441\u0438\u043b\u0438\u044f \u0434\u043b\u044f \u0437\u0430\u0449\u0438\u0442\u044b \u043f\u0435\u0440\u0441\u043e\u043d\u0430\u043b\u044c\u043d\u044b\u0445 \u0434\u0430\u043d\u043d\u044b\u0445. \u0421\u0431\u043e\u0440 \u0434\u0430\u043d\u043d\u044b\u0445\u2028 \u041c\u044b \u0441\u043e\u0431\u0438\u0440\u0430\u0435\u043c \u0442\u043e\u043b\u044c\u043a\u043e \u0442\u0435 \u0434\u0430\u043d\u043d\u044b\u0435, \u043a\u043e\u0442\u043e\u0440\u044b\u0435 \u043d\u0435\u043e\u0431\u0445\u043e\u0434\u0438\u043c\u044b \u0434\u043b\u044f \u043e\u0431\u0440\u0430\u0431\u043e\u0442\u043a\u0438 \u0437\u0430\u043a\u0430\u0437\u043e\u0432, \u043e\u0431\u0440\u0430\u0442\u043d\u043e\u0439 \u0441\u0432\u044f\u0437\u0438 \u0438 \u0443\u043b\u0443\u0447\u0448\u0435\u043d\u0438\u044f \u043a\u0430\u0447\u0435\u0441\u0442\u0432\u0430 \u0441\u0435\u0440\u0432\u0438\u0441\u0430: \u0438\u043c\u044f, \u043a\u043e\u043d\u0442\u0430\u043a\u0442\u043d\u044b\u0439 \u043d\u043e\u043c\u0435\u0440, \u0430\u0434\u0440\u0435\u0441 \u044d\u043b\u0435\u043a\u0442\u0440\u043e\u043d\u043d\u043e\u0439 \u043f\u043e\u0447\u0442\u044b \u0438 \u0430\u0434\u0440\u0435\u0441 \u0434\u043e\u0441\u0442\u0430\u0432\u043a\u0438.\u0418\u0441\u043f\u043e\u043b\u044c\u0437\u043e\u0432\u0430\u043d\u0438\u0435 \u0434\u0430\u043d\u043d\u044b\u0445\u2028 \u041f\u043e\u043b\u0443\u0447\u0435\u043d\u043d\u0430\u044f \u0438\u043d\u0444\u043e\u0440\u043c\u0430\u0446\u0438\u044f \u0438\u0441\u043f\u043e\u043b\u044c\u0437\u0443\u0435\u0442\u0441\u044f \u0438\u0441\u043a\u043b\u044e\u0447\u0438\u0442\u0435\u043b\u044c\u043d\u043e \u0434\u043b\u044f \u0432\u044b\u043f\u043e\u043b\u043d\u0435\u043d\u0438\u044f \u0437\u0430\u043a\u0430\u0437\u043e\u0432, \u0441\u0432\u044f\u0437\u0438 \u0441 \u043a\u043b\u0438\u0435\u043d\u0442\u0430\u043c\u0438 \u0438 \u043e\u0442\u043f\u0440\u0430\u0432\u043a\u0438 \u0443\u0432\u0435\u0434\u043e\u043c\u043b\u0435\u043d\u0438\u0439. \u041c\u044b \u043d\u0435 [&hellip;]","og_url":"https:\/\/applego.pl\/pl\/policy\/","og_site_name":"applego","article_modified_time":"2025-05-08T18:20:42+00:00","og_image":[{"width":1200,"height":675,"url":"https:\/\/applego.pl\/wp-content\/uploads\/2025\/06\/baner.png","type":"image\/png"}],"twitter_card":"summary_large_image","schema":{"@context":"https:\/\/schema.org","@graph":[{"@type":"WebPage","@id":"https:\/\/applego.pl\/policy\/","url":"https:\/\/applego.pl\/policy\/","name":"\u041f\u043e\u043b\u0438\u0442\u0438\u043a\u0430 \u043a\u043e\u043d\u0444\u0438\u0434\u0435\u043d\u0446\u0438\u0430\u043b\u044c\u043d\u043e\u0441\u0442\u0438 - applego","isPartOf":{"@id":"https:\/\/applego.pl\/#website"},"datePublished":"2025-05-08T17:50:18+00:00","dateModified":"2025-05-08T18:20:42+00:00","breadcrumb":{"@id":"https:\/\/applego.pl\/policy\/#breadcrumb"},"inLanguage":"pl-PL","potentialAction":[{"@type":"ReadAction","target":["https:\/\/applego.pl\/policy\/"]}]},{"@type":"BreadcrumbList","@id":"https:\/\/applego.pl\/policy\/#breadcrumb","itemListElement":[{"@type":"ListItem","position":1,"name":"\u0413\u043b\u0430\u0432\u043d\u0430\u044f \u0441\u0442\u0440\u0430\u043d\u0438\u0446\u0430","item":"https:\/\/applego.pl\/"},{"@type":"ListItem","position":2,"name":"\u041f\u043e\u043b\u0438\u0442\u0438\u043a\u0430 \u043a\u043e\u043d\u0444\u0438\u0434\u0435\u043d\u0446\u0438\u0430\u043b\u044c\u043d\u043e\u0441\u0442\u0438"}]},{"@type":"WebSite","@id":"https:\/\/applego.pl\/#website","url":"https:\/\/applego.pl\/","name":"applego","description":"\u0421\u0430\u043c\u044b\u0439 \u0443\u0434\u043e\u0431\u043d\u044b\u0439 \u0441\u043f\u043e\u0441\u043e\u0431 \u043a\u0443\u043f\u0438\u0442\u044c \u0438 \u043e\u0431\u0441\u043b\u0443\u0436\u0438\u0442\u044c \u0442\u0435\u0445\u043d\u0438\u043a\u0443 Apple \u0432 \u0412\u0430\u0440\u0448\u0430\u0432\u0435","publisher":{"@id":"https:\/\/applego.pl\/#organization"},"potentialAction":[{"@type":"SearchAction","target":{"@type":"EntryPoint","urlTemplate":"https:\/\/applego.pl\/?s={search_term_string}"},"query-input":{"@type":"PropertyValueSpecification","valueRequired":true,"valueName":"search_term_string"}}],"inLanguage":"pl-PL"},{"@type":"Organization","@id":"https:\/\/applego.pl\/#organization","name":"applego","url":"https:\/\/applego.pl\/","logo":{"@type":"ImageObject","inLanguage":"pl-PL","@id":"https:\/\/applego.pl\/#\/schema\/logo\/image\/","url":"https:\/\/applego.pl\/wp-content\/uploads\/2025\/06\/cropped-cropped-fav-1-1.png","contentUrl":"https:\/\/applego.pl\/wp-content\/uploads\/2025\/06\/cropped-cropped-fav-1-1.png","width":512,"height":512,"caption":"applego"},"image":{"@id":"https:\/\/applego.pl\/#\/schema\/logo\/image\/"}}]}},"_links":{"self":[{"href":"https:\/\/applego.pl\/pl\/wp-json\/wp\/v2\/pages\/2112","targetHints":{"allow":["GET"]}}],"collection":[{"href":"https:\/\/applego.pl\/pl\/wp-json\/wp\/v2\/pages"}],"about":[{"href":"https:\/\/applego.pl\/pl\/wp-json\/wp\/v2\/types\/page"}],"author":[{"embeddable":true,"href":"https:\/\/applego.pl\/pl\/wp-json\/wp\/v2\/users\/1"}],"replies":[{"embeddable":true,"href":"https:\/\/applego.pl\/pl\/wp-json\/wp\/v2\/comments?post=2112"}],"version-history":[{"count":15,"href":"https:\/\/applego.pl\/pl\/wp-json\/wp\/v2\/pages\/2112\/revisions"}],"predecessor-version":[{"id":2127,"href":"https:\/\/applego.pl\/pl\/wp-json\/wp\/v2\/pages\/2112\/revisions\/2127"}],"wp:attachment":[{"href":"https:\/\/applego.pl\/pl\/wp-json\/wp\/v2\/media?parent=2112"}],"curies":[{"name":"wp","href":"https:\/\/api.w.org\/{rel}","templated":true}]}}