{"id":2104,"date":"2025-05-08T20:45:41","date_gmt":"2025-05-08T17:45:41","guid":{"rendered":"https:\/\/applego.pl\/?page_id=2104"},"modified":"2025-05-08T20:49:00","modified_gmt":"2025-05-08T17:49:00","slug":"pravila-ispolzovanija","status":"publish","type":"page","link":"https:\/\/applego.pl\/pl\/pravila-ispolzovanija\/","title":{"rendered":"Zasady u\u017cytkowania"},"content":{"rendered":"<div data-elementor-type=\"wp-page\" data-elementor-id=\"2104\" class=\"elementor elementor-2104\">\n\t\t\t\t<div class=\"elementor-element elementor-element-9542ed9 e-flex e-con-boxed e-con e-parent\" data-id=\"9542ed9\" data-element_type=\"container\">\n\t\t\t\t\t<div class=\"e-con-inner\">\n\t\t\t\t<div class=\"elementor-element elementor-element-c8824af elementor-widget elementor-widget-heading\" data-id=\"c8824af\" data-element_type=\"widget\" data-widget_type=\"heading.default\">\n\t\t\t\t<div class=\"elementor-widget-container\">\n\t\t\t\t\t<h2 class=\"elementor-heading-title elementor-size-default\">Zasady u\u017cytkowania<\/h2>\t\t\t\t<\/div>\n\t\t\t\t<\/div>\n\t\t\t\t<div class=\"elementor-element elementor-element-92551b1 elementor-widget elementor-widget-text-editor\" data-id=\"92551b1\" data-element_type=\"widget\" data-widget_type=\"text-editor.default\">\n\t\t\t\t<div class=\"elementor-widget-container\">\n\t\t\t\t\t\t\t\t\t<p class=\"translation-block\">Witamy na naszej stronie internetowej!<br>Korzystaj\u0105c z tego zasobu internetowego, automatycznie zgadzasz si\u0119 na poni\u017csze warunki. Prosimy o uwa\u017cne zapoznanie si\u0119 z nimi.<\/p><ol><li class=\"translation-block\"><b>Postanowienia og\u00f3lne <\/b>Niniejsze zasady reguluj\u0105 korzystanie z tej witryny, kt\u00f3ra zapewnia informacje i mo\u017cliwo\u015b\u0107 zakupu produkt\u00f3w i akcesori\u00f3w Apple.<\/li><li class=\"translation-block\"><b>Ograniczenia odpowiedzialno\u015bci<\/b> Nie jeste\u015bmy oficjalnym partnerem ani autoryzowanym sprzedawc\u0105 firmy Apple Inc. Wszystkie produkty na tej stronie pochodz\u0105 od zaufanych dostawc\u00f3w. Gwarantujemy oryginalno\u015b\u0107 produkt\u00f3w, ale Apple Inc. nie ponosi odpowiedzialno\u015bci za dzia\u0142anie naszego sklepu.<\/li><li class=\"translation-block\"><b>Informacje na stronie<\/b> Staramy si\u0119 dostarcza\u0107 dok\u0142adne i aktualne informacje, ale nie wykluczamy mo\u017cliwych b\u0142\u0119d\u00f3w. Zastrzegamy sobie prawo do wprowadzania zmian w opisach produkt\u00f3w i warunkach bez wcze\u015bniejszego powiadomienia.<\/li><li class=\"translation-block\"><b>U\u017cycie marek<\/b> Apple, iPhone, iPad, MacBook i inne nazwy s\u0105 zastrze\u017conymi znakami towarowymi firmy Apple Inc. S\u0105 one u\u017cywane wy\u0142\u0105cznie w celu identyfikacji kompatybilnych produkt\u00f3w. Nie jeste\u015bmy powi\u0105zani z Apple Inc.<\/li><li class=\"translation-block\"><b>Zmiany zasad<\/b> Mo\u017cemy wprowadza\u0107 zmiany do niniejszych zasad. Aktualna wersja jest zawsze dost\u0119pna na tej stronie.<\/li><\/ol>\t\t\t\t\t\t\t\t<\/div>\n\t\t\t\t<\/div>\n\t\t\t\t\t<\/div>\n\t\t\t\t<\/div>\n\t\t\t\t<\/div>","protected":false},"excerpt":{"rendered":"<p>\u041f\u0440\u0430\u0432\u0438\u043b\u0430 \u0438\u0441\u043f\u043e\u043b\u044c\u0437\u043e\u0432\u0430\u043d\u0438\u044f \u0414\u043e\u0431\u0440\u043e \u043f\u043e\u0436\u0430\u043b\u043e\u0432\u0430\u0442\u044c \u043d\u0430 \u043d\u0430\u0448 \u0441\u0430\u0439\u0442!\u041f\u043e\u043b\u044c\u0437\u0443\u044f\u0441\u044c \u0434\u0430\u043d\u043d\u044b\u043c \u0432\u0435\u0431-\u0440\u0435\u0441\u0443\u0440\u0441\u043e\u043c, \u0432\u044b \u0430\u0432\u0442\u043e\u043c\u0430\u0442\u0438\u0447\u0435\u0441\u043a\u0438 \u0441\u043e\u0433\u043b\u0430\u0448\u0430\u0435\u0442\u0435\u0441\u044c \u0441 \u043f\u0440\u0438\u0432\u0435\u0434\u0451\u043d\u043d\u044b\u043c\u0438 \u043d\u0438\u0436\u0435 \u0443\u0441\u043b\u043e\u0432\u0438\u044f\u043c\u0438. \u041f\u043e\u0436\u0430\u043b\u0443\u0439\u0441\u0442\u0430, \u043e\u0437\u043d\u0430\u043a\u043e\u043c\u044c\u0442\u0435\u0441\u044c \u0441 \u043d\u0438\u043c\u0438 \u0432\u043d\u0438\u043c\u0430\u0442\u0435\u043b\u044c\u043d\u043e. \u041e\u0431\u0449\u0438\u0435 \u043f\u043e\u043b\u043e\u0436\u0435\u043d\u0438\u044f\u2028\u041d\u0430\u0441\u0442\u043e\u044f\u0449\u0438\u0435 \u043f\u0440\u0430\u0432\u0438\u043b\u0430 \u0440\u0435\u0433\u0443\u043b\u0438\u0440\u0443\u044e\u0442 \u0438\u0441\u043f\u043e\u043b\u044c\u0437\u043e\u0432\u0430\u043d\u0438\u0435 \u0441\u0430\u0439\u0442\u0430, \u043f\u0440\u0435\u0434\u043e\u0441\u0442\u0430\u0432\u043b\u044f\u044e\u0449\u0435\u0433\u043e \u0438\u043d\u0444\u043e\u0440\u043c\u0430\u0446\u0438\u044e \u0438 \u0432\u043e\u0437\u043c\u043e\u0436\u043d\u043e\u0441\u0442\u044c \u043f\u0440\u0438\u043e\u0431\u0440\u0435\u0442\u0435\u043d\u0438\u044f \u0442\u0435\u0445\u043d\u0438\u043a\u0438 Apple \u0438 \u0430\u043a\u0441\u0435\u0441\u0441\u0443\u0430\u0440\u043e\u0432. \u041e\u0433\u0440\u0430\u043d\u0438\u0447\u0435\u043d\u0438\u0435 \u043e\u0442\u0432\u0435\u0442\u0441\u0442\u0432\u0435\u043d\u043d\u043e\u0441\u0442\u0438\u2028 \u041c\u044b \u043d\u0435 \u044f\u0432\u043b\u044f\u0435\u043c\u0441\u044f \u043e\u0444\u0438\u0446\u0438\u0430\u043b\u044c\u043d\u044b\u043c \u043f\u0430\u0440\u0442\u043d\u0451\u0440\u043e\u043c \u0438\u043b\u0438 \u0430\u0432\u0442\u043e\u0440\u0438\u0437\u043e\u0432\u0430\u043d\u043d\u044b\u043c \u0440\u0435\u0441\u0435\u043b\u043b\u0435\u0440\u043e\u043c Apple Inc. \u0412\u0441\u044f \u043f\u0440\u043e\u0434\u0443\u043a\u0446\u0438\u044f \u043d\u0430 \u0441\u0430\u0439\u0442\u0435 \u043f\u043e\u0441\u0442\u0430\u0432\u043b\u044f\u0435\u0442\u0441\u044f \u043e\u0442 \u043d\u0430\u0434\u0451\u0436\u043d\u044b\u0445 [&hellip;]<\/p>","protected":false},"author":1,"featured_media":0,"parent":0,"menu_order":0,"comment_status":"closed","ping_status":"closed","template":"","meta":{"inline_featured_image":false,"footnotes":""},"class_list":["post-2104","page","type-page","status-publish","hentry"],"yoast_head":"<!-- This site is optimized with the Yoast SEO plugin v25.2 - https:\/\/yoast.com\/wordpress\/plugins\/seo\/ -->\n<title>\u041f\u0440\u0430\u0432\u0438\u043b\u0430 \u0438\u0441\u043f\u043e\u043b\u044c\u0437\u043e\u0432\u0430\u043d\u0438\u044f - applego<\/title>\n<meta name=\"robots\" content=\"index, follow, max-snippet:-1, max-image-preview:large, max-video-preview:-1\" \/>\n<link rel=\"canonical\" href=\"https:\/\/applego.pl\/pl\/pravila-ispolzovanija\/\" \/>\n<meta property=\"og:locale\" content=\"pl_PL\" \/>\n<meta property=\"og:type\" content=\"article\" \/>\n<meta property=\"og:title\" content=\"\u041f\u0440\u0430\u0432\u0438\u043b\u0430 \u0438\u0441\u043f\u043e\u043b\u044c\u0437\u043e\u0432\u0430\u043d\u0438\u044f - applego\" \/>\n<meta property=\"og:description\" content=\"\u041f\u0440\u0430\u0432\u0438\u043b\u0430 \u0438\u0441\u043f\u043e\u043b\u044c\u0437\u043e\u0432\u0430\u043d\u0438\u044f \u0414\u043e\u0431\u0440\u043e \u043f\u043e\u0436\u0430\u043b\u043e\u0432\u0430\u0442\u044c \u043d\u0430 \u043d\u0430\u0448 \u0441\u0430\u0439\u0442!\u041f\u043e\u043b\u044c\u0437\u0443\u044f\u0441\u044c \u0434\u0430\u043d\u043d\u044b\u043c \u0432\u0435\u0431-\u0440\u0435\u0441\u0443\u0440\u0441\u043e\u043c, \u0432\u044b \u0430\u0432\u0442\u043e\u043c\u0430\u0442\u0438\u0447\u0435\u0441\u043a\u0438 \u0441\u043e\u0433\u043b\u0430\u0448\u0430\u0435\u0442\u0435\u0441\u044c \u0441 \u043f\u0440\u0438\u0432\u0435\u0434\u0451\u043d\u043d\u044b\u043c\u0438 \u043d\u0438\u0436\u0435 \u0443\u0441\u043b\u043e\u0432\u0438\u044f\u043c\u0438. \u041f\u043e\u0436\u0430\u043b\u0443\u0439\u0441\u0442\u0430, \u043e\u0437\u043d\u0430\u043a\u043e\u043c\u044c\u0442\u0435\u0441\u044c \u0441 \u043d\u0438\u043c\u0438 \u0432\u043d\u0438\u043c\u0430\u0442\u0435\u043b\u044c\u043d\u043e. \u041e\u0431\u0449\u0438\u0435 \u043f\u043e\u043b\u043e\u0436\u0435\u043d\u0438\u044f\u2028\u041d\u0430\u0441\u0442\u043e\u044f\u0449\u0438\u0435 \u043f\u0440\u0430\u0432\u0438\u043b\u0430 \u0440\u0435\u0433\u0443\u043b\u0438\u0440\u0443\u044e\u0442 \u0438\u0441\u043f\u043e\u043b\u044c\u0437\u043e\u0432\u0430\u043d\u0438\u0435 \u0441\u0430\u0439\u0442\u0430, \u043f\u0440\u0435\u0434\u043e\u0441\u0442\u0430\u0432\u043b\u044f\u044e\u0449\u0435\u0433\u043e \u0438\u043d\u0444\u043e\u0440\u043c\u0430\u0446\u0438\u044e \u0438 \u0432\u043e\u0437\u043c\u043e\u0436\u043d\u043e\u0441\u0442\u044c \u043f\u0440\u0438\u043e\u0431\u0440\u0435\u0442\u0435\u043d\u0438\u044f \u0442\u0435\u0445\u043d\u0438\u043a\u0438 Apple \u0438 \u0430\u043a\u0441\u0435\u0441\u0441\u0443\u0430\u0440\u043e\u0432. \u041e\u0433\u0440\u0430\u043d\u0438\u0447\u0435\u043d\u0438\u0435 \u043e\u0442\u0432\u0435\u0442\u0441\u0442\u0432\u0435\u043d\u043d\u043e\u0441\u0442\u0438\u2028 \u041c\u044b \u043d\u0435 \u044f\u0432\u043b\u044f\u0435\u043c\u0441\u044f \u043e\u0444\u0438\u0446\u0438\u0430\u043b\u044c\u043d\u044b\u043c \u043f\u0430\u0440\u0442\u043d\u0451\u0440\u043e\u043c \u0438\u043b\u0438 \u0430\u0432\u0442\u043e\u0440\u0438\u0437\u043e\u0432\u0430\u043d\u043d\u044b\u043c \u0440\u0435\u0441\u0435\u043b\u043b\u0435\u0440\u043e\u043c Apple Inc. \u0412\u0441\u044f \u043f\u0440\u043e\u0434\u0443\u043a\u0446\u0438\u044f \u043d\u0430 \u0441\u0430\u0439\u0442\u0435 \u043f\u043e\u0441\u0442\u0430\u0432\u043b\u044f\u0435\u0442\u0441\u044f \u043e\u0442 \u043d\u0430\u0434\u0451\u0436\u043d\u044b\u0445 [&hellip;]\" \/>\n<meta property=\"og:url\" content=\"https:\/\/applego.pl\/pl\/pravila-ispolzovanija\/\" \/>\n<meta property=\"og:site_name\" content=\"applego\" \/>\n<meta property=\"article:modified_time\" content=\"2025-05-08T17:49:00+00:00\" \/>\n<meta property=\"og:image\" content=\"https:\/\/applego.pl\/wp-content\/uploads\/2025\/06\/baner.png\" \/>\n\t<meta property=\"og:image:width\" content=\"1200\" \/>\n\t<meta property=\"og:image:height\" content=\"675\" \/>\n\t<meta property=\"og:image:type\" content=\"image\/png\" \/>\n<meta name=\"twitter:card\" content=\"summary_large_image\" \/>\n<script type=\"application\/ld+json\" class=\"yoast-schema-graph\">{\"@context\":\"https:\/\/schema.org\",\"@graph\":[{\"@type\":\"WebPage\",\"@id\":\"https:\/\/applego.pl\/pravila-ispolzovanija\/\",\"url\":\"https:\/\/applego.pl\/pravila-ispolzovanija\/\",\"name\":\"\u041f\u0440\u0430\u0432\u0438\u043b\u0430 \u0438\u0441\u043f\u043e\u043b\u044c\u0437\u043e\u0432\u0430\u043d\u0438\u044f - applego\",\"isPartOf\":{\"@id\":\"https:\/\/applego.pl\/#website\"},\"datePublished\":\"2025-05-08T17:45:41+00:00\",\"dateModified\":\"2025-05-08T17:49:00+00:00\",\"breadcrumb\":{\"@id\":\"https:\/\/applego.pl\/pravila-ispolzovanija\/#breadcrumb\"},\"inLanguage\":\"pl-PL\",\"potentialAction\":[{\"@type\":\"ReadAction\",\"target\":[\"https:\/\/applego.pl\/pravila-ispolzovanija\/\"]}]},{\"@type\":\"BreadcrumbList\",\"@id\":\"https:\/\/applego.pl\/pravila-ispolzovanija\/#breadcrumb\",\"itemListElement\":[{\"@type\":\"ListItem\",\"position\":1,\"name\":\"\u0413\u043b\u0430\u0432\u043d\u0430\u044f \u0441\u0442\u0440\u0430\u043d\u0438\u0446\u0430\",\"item\":\"https:\/\/applego.pl\/\"},{\"@type\":\"ListItem\",\"position\":2,\"name\":\"\u041f\u0440\u0430\u0432\u0438\u043b\u0430 \u0438\u0441\u043f\u043e\u043b\u044c\u0437\u043e\u0432\u0430\u043d\u0438\u044f\"}]},{\"@type\":\"WebSite\",\"@id\":\"https:\/\/applego.pl\/#website\",\"url\":\"https:\/\/applego.pl\/\",\"name\":\"applego\",\"description\":\"\u0421\u0430\u043c\u044b\u0439 \u0443\u0434\u043e\u0431\u043d\u044b\u0439 \u0441\u043f\u043e\u0441\u043e\u0431 \u043a\u0443\u043f\u0438\u0442\u044c \u0438 \u043e\u0431\u0441\u043b\u0443\u0436\u0438\u0442\u044c \u0442\u0435\u0445\u043d\u0438\u043a\u0443 Apple \u0432 \u0412\u0430\u0440\u0448\u0430\u0432\u0435\",\"publisher\":{\"@id\":\"https:\/\/applego.pl\/#organization\"},\"potentialAction\":[{\"@type\":\"SearchAction\",\"target\":{\"@type\":\"EntryPoint\",\"urlTemplate\":\"https:\/\/applego.pl\/?s={search_term_string}\"},\"query-input\":{\"@type\":\"PropertyValueSpecification\",\"valueRequired\":true,\"valueName\":\"search_term_string\"}}],\"inLanguage\":\"pl-PL\"},{\"@type\":\"Organization\",\"@id\":\"https:\/\/applego.pl\/#organization\",\"name\":\"applego\",\"url\":\"https:\/\/applego.pl\/\",\"logo\":{\"@type\":\"ImageObject\",\"inLanguage\":\"pl-PL\",\"@id\":\"https:\/\/applego.pl\/#\/schema\/logo\/image\/\",\"url\":\"https:\/\/applego.pl\/wp-content\/uploads\/2025\/06\/cropped-cropped-fav-1-1.png\",\"contentUrl\":\"https:\/\/applego.pl\/wp-content\/uploads\/2025\/06\/cropped-cropped-fav-1-1.png\",\"width\":512,\"height\":512,\"caption\":\"applego\"},\"image\":{\"@id\":\"https:\/\/applego.pl\/#\/schema\/logo\/image\/\"}}]}<\/script>\n<!-- \/ Yoast SEO plugin. -->","yoast_head_json":{"title":"\u041f\u0440\u0430\u0432\u0438\u043b\u0430 \u0438\u0441\u043f\u043e\u043b\u044c\u0437\u043e\u0432\u0430\u043d\u0438\u044f - applego","robots":{"index":"index","follow":"follow","max-snippet":"max-snippet:-1","max-image-preview":"max-image-preview:large","max-video-preview":"max-video-preview:-1"},"canonical":"https:\/\/applego.pl\/pl\/pravila-ispolzovanija\/","og_locale":"pl_PL","og_type":"article","og_title":"\u041f\u0440\u0430\u0432\u0438\u043b\u0430 \u0438\u0441\u043f\u043e\u043b\u044c\u0437\u043e\u0432\u0430\u043d\u0438\u044f - applego","og_description":"\u041f\u0440\u0430\u0432\u0438\u043b\u0430 \u0438\u0441\u043f\u043e\u043b\u044c\u0437\u043e\u0432\u0430\u043d\u0438\u044f \u0414\u043e\u0431\u0440\u043e \u043f\u043e\u0436\u0430\u043b\u043e\u0432\u0430\u0442\u044c \u043d\u0430 \u043d\u0430\u0448 \u0441\u0430\u0439\u0442!\u041f\u043e\u043b\u044c\u0437\u0443\u044f\u0441\u044c \u0434\u0430\u043d\u043d\u044b\u043c \u0432\u0435\u0431-\u0440\u0435\u0441\u0443\u0440\u0441\u043e\u043c, \u0432\u044b \u0430\u0432\u0442\u043e\u043c\u0430\u0442\u0438\u0447\u0435\u0441\u043a\u0438 \u0441\u043e\u0433\u043b\u0430\u0448\u0430\u0435\u0442\u0435\u0441\u044c \u0441 \u043f\u0440\u0438\u0432\u0435\u0434\u0451\u043d\u043d\u044b\u043c\u0438 \u043d\u0438\u0436\u0435 \u0443\u0441\u043b\u043e\u0432\u0438\u044f\u043c\u0438. \u041f\u043e\u0436\u0430\u043b\u0443\u0439\u0441\u0442\u0430, \u043e\u0437\u043d\u0430\u043a\u043e\u043c\u044c\u0442\u0435\u0441\u044c \u0441 \u043d\u0438\u043c\u0438 \u0432\u043d\u0438\u043c\u0430\u0442\u0435\u043b\u044c\u043d\u043e. \u041e\u0431\u0449\u0438\u0435 \u043f\u043e\u043b\u043e\u0436\u0435\u043d\u0438\u044f\u2028\u041d\u0430\u0441\u0442\u043e\u044f\u0449\u0438\u0435 \u043f\u0440\u0430\u0432\u0438\u043b\u0430 \u0440\u0435\u0433\u0443\u043b\u0438\u0440\u0443\u044e\u0442 \u0438\u0441\u043f\u043e\u043b\u044c\u0437\u043e\u0432\u0430\u043d\u0438\u0435 \u0441\u0430\u0439\u0442\u0430, \u043f\u0440\u0435\u0434\u043e\u0441\u0442\u0430\u0432\u043b\u044f\u044e\u0449\u0435\u0433\u043e \u0438\u043d\u0444\u043e\u0440\u043c\u0430\u0446\u0438\u044e \u0438 \u0432\u043e\u0437\u043c\u043e\u0436\u043d\u043e\u0441\u0442\u044c \u043f\u0440\u0438\u043e\u0431\u0440\u0435\u0442\u0435\u043d\u0438\u044f \u0442\u0435\u0445\u043d\u0438\u043a\u0438 Apple \u0438 \u0430\u043a\u0441\u0435\u0441\u0441\u0443\u0430\u0440\u043e\u0432. \u041e\u0433\u0440\u0430\u043d\u0438\u0447\u0435\u043d\u0438\u0435 \u043e\u0442\u0432\u0435\u0442\u0441\u0442\u0432\u0435\u043d\u043d\u043e\u0441\u0442\u0438\u2028 \u041c\u044b \u043d\u0435 \u044f\u0432\u043b\u044f\u0435\u043c\u0441\u044f \u043e\u0444\u0438\u0446\u0438\u0430\u043b\u044c\u043d\u044b\u043c \u043f\u0430\u0440\u0442\u043d\u0451\u0440\u043e\u043c \u0438\u043b\u0438 \u0430\u0432\u0442\u043e\u0440\u0438\u0437\u043e\u0432\u0430\u043d\u043d\u044b\u043c \u0440\u0435\u0441\u0435\u043b\u043b\u0435\u0440\u043e\u043c Apple Inc. \u0412\u0441\u044f \u043f\u0440\u043e\u0434\u0443\u043a\u0446\u0438\u044f \u043d\u0430 \u0441\u0430\u0439\u0442\u0435 \u043f\u043e\u0441\u0442\u0430\u0432\u043b\u044f\u0435\u0442\u0441\u044f \u043e\u0442 \u043d\u0430\u0434\u0451\u0436\u043d\u044b\u0445 [&hellip;]","og_url":"https:\/\/applego.pl\/pl\/pravila-ispolzovanija\/","og_site_name":"applego","article_modified_time":"2025-05-08T17:49:00+00:00","og_image":[{"width":1200,"height":675,"url":"https:\/\/applego.pl\/wp-content\/uploads\/2025\/06\/baner.png","type":"image\/png"}],"twitter_card":"summary_large_image","schema":{"@context":"https:\/\/schema.org","@graph":[{"@type":"WebPage","@id":"https:\/\/applego.pl\/pravila-ispolzovanija\/","url":"https:\/\/applego.pl\/pravila-ispolzovanija\/","name":"\u041f\u0440\u0430\u0432\u0438\u043b\u0430 \u0438\u0441\u043f\u043e\u043b\u044c\u0437\u043e\u0432\u0430\u043d\u0438\u044f - applego","isPartOf":{"@id":"https:\/\/applego.pl\/#website"},"datePublished":"2025-05-08T17:45:41+00:00","dateModified":"2025-05-08T17:49:00+00:00","breadcrumb":{"@id":"https:\/\/applego.pl\/pravila-ispolzovanija\/#breadcrumb"},"inLanguage":"pl-PL","potentialAction":[{"@type":"ReadAction","target":["https:\/\/applego.pl\/pravila-ispolzovanija\/"]}]},{"@type":"BreadcrumbList","@id":"https:\/\/applego.pl\/pravila-ispolzovanija\/#breadcrumb","itemListElement":[{"@type":"ListItem","position":1,"name":"\u0413\u043b\u0430\u0432\u043d\u0430\u044f \u0441\u0442\u0440\u0430\u043d\u0438\u0446\u0430","item":"https:\/\/applego.pl\/"},{"@type":"ListItem","position":2,"name":"\u041f\u0440\u0430\u0432\u0438\u043b\u0430 \u0438\u0441\u043f\u043e\u043b\u044c\u0437\u043e\u0432\u0430\u043d\u0438\u044f"}]},{"@type":"WebSite","@id":"https:\/\/applego.pl\/#website","url":"https:\/\/applego.pl\/","name":"applego","description":"\u0421\u0430\u043c\u044b\u0439 \u0443\u0434\u043e\u0431\u043d\u044b\u0439 \u0441\u043f\u043e\u0441\u043e\u0431 \u043a\u0443\u043f\u0438\u0442\u044c \u0438 \u043e\u0431\u0441\u043b\u0443\u0436\u0438\u0442\u044c \u0442\u0435\u0445\u043d\u0438\u043a\u0443 Apple \u0432 \u0412\u0430\u0440\u0448\u0430\u0432\u0435","publisher":{"@id":"https:\/\/applego.pl\/#organization"},"potentialAction":[{"@type":"SearchAction","target":{"@type":"EntryPoint","urlTemplate":"https:\/\/applego.pl\/?s={search_term_string}"},"query-input":{"@type":"PropertyValueSpecification","valueRequired":true,"valueName":"search_term_string"}}],"inLanguage":"pl-PL"},{"@type":"Organization","@id":"https:\/\/applego.pl\/#organization","name":"applego","url":"https:\/\/applego.pl\/","logo":{"@type":"ImageObject","inLanguage":"pl-PL","@id":"https:\/\/applego.pl\/#\/schema\/logo\/image\/","url":"https:\/\/applego.pl\/wp-content\/uploads\/2025\/06\/cropped-cropped-fav-1-1.png","contentUrl":"https:\/\/applego.pl\/wp-content\/uploads\/2025\/06\/cropped-cropped-fav-1-1.png","width":512,"height":512,"caption":"applego"},"image":{"@id":"https:\/\/applego.pl\/#\/schema\/logo\/image\/"}}]}},"_links":{"self":[{"href":"https:\/\/applego.pl\/pl\/wp-json\/wp\/v2\/pages\/2104","targetHints":{"allow":["GET"]}}],"collection":[{"href":"https:\/\/applego.pl\/pl\/wp-json\/wp\/v2\/pages"}],"about":[{"href":"https:\/\/applego.pl\/pl\/wp-json\/wp\/v2\/types\/page"}],"author":[{"embeddable":true,"href":"https:\/\/applego.pl\/pl\/wp-json\/wp\/v2\/users\/1"}],"replies":[{"embeddable":true,"href":"https:\/\/applego.pl\/pl\/wp-json\/wp\/v2\/comments?post=2104"}],"version-history":[{"count":7,"href":"https:\/\/applego.pl\/pl\/wp-json\/wp\/v2\/pages\/2104\/revisions"}],"predecessor-version":[{"id":2111,"href":"https:\/\/applego.pl\/pl\/wp-json\/wp\/v2\/pages\/2104\/revisions\/2111"}],"wp:attachment":[{"href":"https:\/\/applego.pl\/pl\/wp-json\/wp\/v2\/media?parent=2104"}],"curies":[{"name":"wp","href":"https:\/\/api.w.org\/{rel}","templated":true}]}}