{"id":126,"date":"2025-04-06T14:46:34","date_gmt":"2025-04-06T11:46:34","guid":{"rendered":"https:\/\/applego.pl\/?page_id=126"},"modified":"2025-06-20T18:44:46","modified_gmt":"2025-06-20T16:44:46","slug":"kontakty","status":"publish","type":"page","link":"https:\/\/applego.pl\/pl\/kontakty\/","title":{"rendered":"Kontakt"},"content":{"rendered":"<div data-elementor-type=\"wp-page\" data-elementor-id=\"126\" class=\"elementor elementor-126\">\n\t\t\t\t<div class=\"elementor-element elementor-element-789767a e-flex e-con-boxed e-con e-parent\" data-id=\"789767a\" data-element_type=\"container\">\n\t\t\t\t\t<div class=\"e-con-inner\">\n\t\t<div class=\"elementor-element elementor-element-6287175 e-con-full e-flex e-con e-child\" data-id=\"6287175\" data-element_type=\"container\" data-settings=\"{&quot;background_background&quot;:&quot;classic&quot;}\">\n\t\t<div class=\"elementor-element elementor-element-d42a742 e-con-full e-flex e-con e-child\" data-id=\"d42a742\" data-element_type=\"container\">\n\t\t\t\t<div class=\"elementor-element elementor-element-1f49685 elementor-widget elementor-widget-heading\" data-id=\"1f49685\" data-element_type=\"widget\" data-widget_type=\"heading.default\">\n\t\t\t\t<div class=\"elementor-widget-container\">\n\t\t\t\t\t<h2 class=\"elementor-heading-title elementor-size-default\">Kontakt<\/h2>\t\t\t\t<\/div>\n\t\t\t\t<\/div>\n\t\t\t\t<div class=\"elementor-element elementor-element-7ae9152 elementor-widget elementor-widget-text-editor\" data-id=\"7ae9152\" data-element_type=\"widget\" data-widget_type=\"text-editor.default\">\n\t\t\t\t<div class=\"elementor-widget-container\">\n\t\t\t\t\t\t\t\t\t<p class=\"translation-block\">Jeste\u015bmy otwarci codziennie od 10:00 do 19:00 z wyj\u0105tkiem weekend\u00f3w. Posiadamy w\u0142asny, bezp\u0142atny parking dla klient\u00f3w.<\/p>\t\t\t\t\t\t\t\t<\/div>\n\t\t\t\t<\/div>\n\t\t\t\t<\/div>\n\t\t<div class=\"elementor-element elementor-element-32b2370 e-con-full e-flex e-con e-child\" data-id=\"32b2370\" data-element_type=\"container\">\n\t\t\t\t<div class=\"elementor-element elementor-element-25d5da7 elementor-widget elementor-widget-text-editor\" data-id=\"25d5da7\" data-element_type=\"widget\" data-widget_type=\"text-editor.default\">\n\t\t\t\t<div class=\"elementor-widget-container\">\n\t\t\t\t\t\t\t\t\t<p><span style=\"color: #919191;\">\u0410\u0434\u0440\u0435\u0441:<\/span> \u017burawia 6\/12 . 1 pi\u0119tro. Lok 106<\/p>\t\t\t\t\t\t\t\t<\/div>\n\t\t\t\t<\/div>\n\t\t\t\t<div class=\"elementor-element elementor-element-70deefd elementor-widget elementor-widget-text-editor\" data-id=\"70deefd\" data-element_type=\"widget\" data-widget_type=\"text-editor.default\">\n\t\t\t\t<div class=\"elementor-widget-container\">\n\t\t\t\t\t\t\t\t\t<span style=\"color: #919191;\">Telefon:<\/span>\n<a href=\"tel:+48 730 577 887\">+48 730 577 887<\/a>\t\t\t\t\t\t\t\t<\/div>\n\t\t\t\t<\/div>\n\t\t\t\t<div class=\"elementor-element elementor-element-ed69d38 elementor-widget elementor-widget-text-editor\" data-id=\"ed69d38\" data-element_type=\"widget\" data-widget_type=\"text-editor.default\">\n\t\t\t\t<div class=\"elementor-widget-container\">\n\t\t\t\t\t\t\t\t\t<p><span style=\"color: #919191;\">Email: <\/span> <a href=\"mailto:applego.info@gmail.com\">applego.info@gmail.com<br \/><\/a><\/p>\t\t\t\t\t\t\t\t<\/div>\n\t\t\t\t<\/div>\n\t\t\t\t<\/div>\n\t\t<div class=\"elementor-element elementor-element-890fa72 e-con-full e-flex e-con e-child\" data-id=\"890fa72\" data-element_type=\"container\">\n\t\t\t\t<div class=\"elementor-element elementor-element-68ea44b elementor-widget elementor-widget-shortcode\" data-id=\"68ea44b\" data-element_type=\"widget\" data-widget_type=\"shortcode.default\">\n\t\t\t\t<div class=\"elementor-widget-container\">\n\t\t\t\t\t\t\t<div class=\"elementor-shortcode\"><ul class=\"socials\">\n    <li>\n        <a href=\"https:\/\/wa.me\/48730577887 \" target=\"_blank\">\n            <img src='https:\/\/applego.pl\/wp-content\/themes\/applego\/img\/icon\/whatsApp.svg' alt='instagram icon'>\n            WhatsApp\n        <\/a>\n    <\/li>\n    <li>\n        <a href=\"https:\/\/t.me\/applego_maneger\" target=\"_blank\">\n            <img src='https:\/\/applego.pl\/wp-content\/themes\/applego\/img\/icon\/telegram.svg' alt='telegram icon'>\n            Telegram\n        <\/a>\n    <\/li>\n<\/ul><\/div>\n\t\t\t\t\t\t<\/div>\n\t\t\t\t<\/div>\n\t\t\t\t<\/div>\n\t\t\t\t<\/div>\n\t\t<div class=\"elementor-element elementor-element-9388c4c e-con-full e-flex e-con e-child\" data-id=\"9388c4c\" data-element_type=\"container\">\n\t\t\t\t<div class=\"elementor-element elementor-element-ea11905 elementor-widget elementor-widget-google_maps\" data-id=\"ea11905\" data-element_type=\"widget\" data-widget_type=\"google_maps.default\">\n\t\t\t\t<div class=\"elementor-widget-container\">\n\t\t\t\t\t\t\t<div class=\"elementor-custom-embed\">\n\t\t\t<iframe loading=\"lazy\"\n\t\t\t\t\tsrc=\"https:\/\/maps.google.com\/maps?q=%C5%BBurawia%206%2F12%20.%201%20pi%C4%99tro.%20Lok%20106&#038;t=m&#038;z=16&#038;output=embed&#038;iwloc=near\"\n\t\t\t\t\ttitle=\"\u017burawia 6\/12 . 1 pi\u0119tro. Lok 106\"\n\t\t\t\t\taria-label=\"\u017burawia 6\/12 . 1 pi\u0119tro. Lok 106\"\n\t\t\t><\/iframe>\n\t\t<\/div>\n\t\t\t\t\t\t<\/div>\n\t\t\t\t<\/div>\n\t\t\t\t<\/div>\n\t\t\t\t\t<\/div>\n\t\t\t\t<\/div>\n\t\t<div class=\"elementor-element elementor-element-f2f706f e-flex e-con-boxed e-con e-parent\" data-id=\"f2f706f\" data-element_type=\"container\">\n\t\t\t\t\t<div class=\"e-con-inner\">\n\t\t\t\t<div class=\"elementor-element elementor-element-28b6115 elementor-widget elementor-widget-shortcode\" data-id=\"28b6115\" data-element_type=\"widget\" data-widget_type=\"shortcode.default\">\n\t\t\t\t<div class=\"elementor-widget-container\">\n\t\t\t\t\t\t\t<div class=\"elementor-shortcode\"><section class=\"have-question\">\n    <div class=\"container\">\n        <div class=\"have-question__title\">\n            <img src='https:\/\/applego.pl\/wp-content\/themes\/applego\/img\/icon\/comment.svg' alt='message'>\n            <h3>\u041e\u0441\u0442\u0430\u043b\u0438\u0441\u044c \u0432\u043e\u043f\u0440\u043e\u0441\u044b?<\/h3>\n            \n        <\/div>\n        <p class=\"have-question__subtitle translation-block\">Nasz zesp\u00f3\u0142 ekspert\u00f3w jest gotowy pom\u00f3c w wyborze, zakupie i z\u0142o\u017ceniu zam\u00f3wienia <br>\n. Napisz do nas lub zostaw zapytanie online.<\/p>\n        <div class=\"have-question__links\">\n            <a class='open-contact-popup'>Zostaw pro\u015bb\u0119 o kontakt<\/a>\n            <a href=\"https:\/\/wa.me\/48730577887\" target=\"_blank\">WhatsApp<\/a>\n            <a href=\"https:\/\/t.me\/applego_maneger\" target=\"_blank\">\n                Telegram\n            <\/a>\n        <\/div>\n    <\/div>\n<\/section><\/div>\n\t\t\t\t\t\t<\/div>\n\t\t\t\t<\/div>\n\t\t\t\t\t<\/div>\n\t\t\t\t<\/div>\n\t\t\t\t<\/div>","protected":false},"excerpt":{"rendered":"<p>\u041a\u043e\u043d\u0442\u0430\u043a\u0442\u044b \u041c\u044b \u0440\u0430\u0431\u043e\u0442\u0430\u0435\u043c \u043a\u0430\u0436\u0434\u044b\u0439 \u0434\u0435\u043d\u044c \u0441 10:00 \u0434\u043e 19:00.\u0411\u0435\u0437 \u0432\u044b\u0445\u043e\u0434\u043d\u044b\u0445. \u0415\u0441\u0442\u044c \u0441\u043e\u0431\u0441\u0442\u0432\u0435\u043d\u043d\u0430\u044f \u0431\u0435\u0441\u043f\u043b\u0430\u0442\u043d\u0430\u044f \u043f\u0430\u0440\u043a\u043e\u0432\u043a\u0430 \u0434\u043b\u044f \u043a\u043b\u0438\u0435\u043d\u0442\u043e\u0432 \u0410\u0434\u0440\u0435\u0441: \u017burawia 6\/12 . 1 pi\u0119tro. Lok 106 \u0422\u0435\u043b\u0435\u0444\u043e\u043d: +48 730 577 887 Email: applego.info@gmail.com<\/p>","protected":false},"author":1,"featured_media":0,"parent":0,"menu_order":0,"comment_status":"closed","ping_status":"closed","template":"","meta":{"inline_featured_image":false,"footnotes":""},"class_list":["post-126","page","type-page","status-publish","hentry"],"yoast_head":"<!-- This site is optimized with the Yoast SEO plugin v25.2 - https:\/\/yoast.com\/wordpress\/plugins\/seo\/ -->\n<title>\u041a\u043e\u043d\u0442\u0430\u043a\u0442\u044b - applego<\/title>\n<meta name=\"robots\" content=\"index, follow, max-snippet:-1, max-image-preview:large, max-video-preview:-1\" \/>\n<link rel=\"canonical\" href=\"https:\/\/applego.pl\/pl\/kontakty\/\" \/>\n<meta property=\"og:locale\" content=\"pl_PL\" \/>\n<meta property=\"og:type\" content=\"article\" \/>\n<meta property=\"og:title\" content=\"\u041a\u043e\u043d\u0442\u0430\u043a\u0442\u044b - applego\" \/>\n<meta property=\"og:description\" content=\"\u041a\u043e\u043d\u0442\u0430\u043a\u0442\u044b \u041c\u044b \u0440\u0430\u0431\u043e\u0442\u0430\u0435\u043c \u043a\u0430\u0436\u0434\u044b\u0439 \u0434\u0435\u043d\u044c \u0441 10:00 \u0434\u043e 19:00.\u0411\u0435\u0437 \u0432\u044b\u0445\u043e\u0434\u043d\u044b\u0445. \u0415\u0441\u0442\u044c \u0441\u043e\u0431\u0441\u0442\u0432\u0435\u043d\u043d\u0430\u044f \u0431\u0435\u0441\u043f\u043b\u0430\u0442\u043d\u0430\u044f \u043f\u0430\u0440\u043a\u043e\u0432\u043a\u0430 \u0434\u043b\u044f \u043a\u043b\u0438\u0435\u043d\u0442\u043e\u0432 \u0410\u0434\u0440\u0435\u0441: \u017burawia 6\/12 . 1 pi\u0119tro. Lok 106 \u0422\u0435\u043b\u0435\u0444\u043e\u043d: +48 730 577 887 Email: applego.info@gmail.com\" \/>\n<meta property=\"og:url\" content=\"https:\/\/applego.pl\/pl\/kontakty\/\" \/>\n<meta property=\"og:site_name\" content=\"applego\" \/>\n<meta property=\"article:modified_time\" content=\"2025-06-20T16:44:46+00:00\" \/>\n<meta property=\"og:image\" content=\"https:\/\/applego.pl\/wp-content\/uploads\/2025\/06\/baner.png\" \/>\n\t<meta property=\"og:image:width\" content=\"1200\" \/>\n\t<meta property=\"og:image:height\" content=\"675\" \/>\n\t<meta property=\"og:image:type\" content=\"image\/png\" \/>\n<meta name=\"twitter:card\" content=\"summary_large_image\" \/>\n<script type=\"application\/ld+json\" class=\"yoast-schema-graph\">{\"@context\":\"https:\/\/schema.org\",\"@graph\":[{\"@type\":\"WebPage\",\"@id\":\"https:\/\/applego.pl\/kontakty\/\",\"url\":\"https:\/\/applego.pl\/kontakty\/\",\"name\":\"\u041a\u043e\u043d\u0442\u0430\u043a\u0442\u044b - applego\",\"isPartOf\":{\"@id\":\"https:\/\/applego.pl\/#website\"},\"datePublished\":\"2025-04-06T11:46:34+00:00\",\"dateModified\":\"2025-06-20T16:44:46+00:00\",\"breadcrumb\":{\"@id\":\"https:\/\/applego.pl\/kontakty\/#breadcrumb\"},\"inLanguage\":\"pl-PL\",\"potentialAction\":[{\"@type\":\"ReadAction\",\"target\":[\"https:\/\/applego.pl\/kontakty\/\"]}]},{\"@type\":\"BreadcrumbList\",\"@id\":\"https:\/\/applego.pl\/kontakty\/#breadcrumb\",\"itemListElement\":[{\"@type\":\"ListItem\",\"position\":1,\"name\":\"\u0413\u043b\u0430\u0432\u043d\u0430\u044f \u0441\u0442\u0440\u0430\u043d\u0438\u0446\u0430\",\"item\":\"https:\/\/applego.pl\/\"},{\"@type\":\"ListItem\",\"position\":2,\"name\":\"\u041a\u043e\u043d\u0442\u0430\u043a\u0442\u044b\"}]},{\"@type\":\"WebSite\",\"@id\":\"https:\/\/applego.pl\/#website\",\"url\":\"https:\/\/applego.pl\/\",\"name\":\"applego\",\"description\":\"\u0421\u0430\u043c\u044b\u0439 \u0443\u0434\u043e\u0431\u043d\u044b\u0439 \u0441\u043f\u043e\u0441\u043e\u0431 \u043a\u0443\u043f\u0438\u0442\u044c \u0438 \u043e\u0431\u0441\u043b\u0443\u0436\u0438\u0442\u044c \u0442\u0435\u0445\u043d\u0438\u043a\u0443 Apple \u0432 \u0412\u0430\u0440\u0448\u0430\u0432\u0435\",\"publisher\":{\"@id\":\"https:\/\/applego.pl\/#organization\"},\"potentialAction\":[{\"@type\":\"SearchAction\",\"target\":{\"@type\":\"EntryPoint\",\"urlTemplate\":\"https:\/\/applego.pl\/?s={search_term_string}\"},\"query-input\":{\"@type\":\"PropertyValueSpecification\",\"valueRequired\":true,\"valueName\":\"search_term_string\"}}],\"inLanguage\":\"pl-PL\"},{\"@type\":\"Organization\",\"@id\":\"https:\/\/applego.pl\/#organization\",\"name\":\"applego\",\"url\":\"https:\/\/applego.pl\/\",\"logo\":{\"@type\":\"ImageObject\",\"inLanguage\":\"pl-PL\",\"@id\":\"https:\/\/applego.pl\/#\/schema\/logo\/image\/\",\"url\":\"https:\/\/applego.pl\/wp-content\/uploads\/2025\/06\/cropped-cropped-fav-1-1.png\",\"contentUrl\":\"https:\/\/applego.pl\/wp-content\/uploads\/2025\/06\/cropped-cropped-fav-1-1.png\",\"width\":512,\"height\":512,\"caption\":\"applego\"},\"image\":{\"@id\":\"https:\/\/applego.pl\/#\/schema\/logo\/image\/\"}}]}<\/script>\n<!-- \/ Yoast SEO plugin. -->","yoast_head_json":{"title":"\u041a\u043e\u043d\u0442\u0430\u043a\u0442\u044b - applego","robots":{"index":"index","follow":"follow","max-snippet":"max-snippet:-1","max-image-preview":"max-image-preview:large","max-video-preview":"max-video-preview:-1"},"canonical":"https:\/\/applego.pl\/pl\/kontakty\/","og_locale":"pl_PL","og_type":"article","og_title":"\u041a\u043e\u043d\u0442\u0430\u043a\u0442\u044b - applego","og_description":"\u041a\u043e\u043d\u0442\u0430\u043a\u0442\u044b \u041c\u044b \u0440\u0430\u0431\u043e\u0442\u0430\u0435\u043c \u043a\u0430\u0436\u0434\u044b\u0439 \u0434\u0435\u043d\u044c \u0441 10:00 \u0434\u043e 19:00.\u0411\u0435\u0437 \u0432\u044b\u0445\u043e\u0434\u043d\u044b\u0445. \u0415\u0441\u0442\u044c \u0441\u043e\u0431\u0441\u0442\u0432\u0435\u043d\u043d\u0430\u044f \u0431\u0435\u0441\u043f\u043b\u0430\u0442\u043d\u0430\u044f \u043f\u0430\u0440\u043a\u043e\u0432\u043a\u0430 \u0434\u043b\u044f \u043a\u043b\u0438\u0435\u043d\u0442\u043e\u0432 \u0410\u0434\u0440\u0435\u0441: \u017burawia 6\/12 . 1 pi\u0119tro. Lok 106 \u0422\u0435\u043b\u0435\u0444\u043e\u043d: +48 730 577 887 Email: applego.info@gmail.com","og_url":"https:\/\/applego.pl\/pl\/kontakty\/","og_site_name":"applego","article_modified_time":"2025-06-20T16:44:46+00:00","og_image":[{"width":1200,"height":675,"url":"https:\/\/applego.pl\/wp-content\/uploads\/2025\/06\/baner.png","type":"image\/png"}],"twitter_card":"summary_large_image","schema":{"@context":"https:\/\/schema.org","@graph":[{"@type":"WebPage","@id":"https:\/\/applego.pl\/kontakty\/","url":"https:\/\/applego.pl\/kontakty\/","name":"\u041a\u043e\u043d\u0442\u0430\u043a\u0442\u044b - applego","isPartOf":{"@id":"https:\/\/applego.pl\/#website"},"datePublished":"2025-04-06T11:46:34+00:00","dateModified":"2025-06-20T16:44:46+00:00","breadcrumb":{"@id":"https:\/\/applego.pl\/kontakty\/#breadcrumb"},"inLanguage":"pl-PL","potentialAction":[{"@type":"ReadAction","target":["https:\/\/applego.pl\/kontakty\/"]}]},{"@type":"BreadcrumbList","@id":"https:\/\/applego.pl\/kontakty\/#breadcrumb","itemListElement":[{"@type":"ListItem","position":1,"name":"\u0413\u043b\u0430\u0432\u043d\u0430\u044f \u0441\u0442\u0440\u0430\u043d\u0438\u0446\u0430","item":"https:\/\/applego.pl\/"},{"@type":"ListItem","position":2,"name":"\u041a\u043e\u043d\u0442\u0430\u043a\u0442\u044b"}]},{"@type":"WebSite","@id":"https:\/\/applego.pl\/#website","url":"https:\/\/applego.pl\/","name":"applego","description":"\u0421\u0430\u043c\u044b\u0439 \u0443\u0434\u043e\u0431\u043d\u044b\u0439 \u0441\u043f\u043e\u0441\u043e\u0431 \u043a\u0443\u043f\u0438\u0442\u044c \u0438 \u043e\u0431\u0441\u043b\u0443\u0436\u0438\u0442\u044c \u0442\u0435\u0445\u043d\u0438\u043a\u0443 Apple \u0432 \u0412\u0430\u0440\u0448\u0430\u0432\u0435","publisher":{"@id":"https:\/\/applego.pl\/#organization"},"potentialAction":[{"@type":"SearchAction","target":{"@type":"EntryPoint","urlTemplate":"https:\/\/applego.pl\/?s={search_term_string}"},"query-input":{"@type":"PropertyValueSpecification","valueRequired":true,"valueName":"search_term_string"}}],"inLanguage":"pl-PL"},{"@type":"Organization","@id":"https:\/\/applego.pl\/#organization","name":"applego","url":"https:\/\/applego.pl\/","logo":{"@type":"ImageObject","inLanguage":"pl-PL","@id":"https:\/\/applego.pl\/#\/schema\/logo\/image\/","url":"https:\/\/applego.pl\/wp-content\/uploads\/2025\/06\/cropped-cropped-fav-1-1.png","contentUrl":"https:\/\/applego.pl\/wp-content\/uploads\/2025\/06\/cropped-cropped-fav-1-1.png","width":512,"height":512,"caption":"applego"},"image":{"@id":"https:\/\/applego.pl\/#\/schema\/logo\/image\/"}}]}},"_links":{"self":[{"href":"https:\/\/applego.pl\/pl\/wp-json\/wp\/v2\/pages\/126","targetHints":{"allow":["GET"]}}],"collection":[{"href":"https:\/\/applego.pl\/pl\/wp-json\/wp\/v2\/pages"}],"about":[{"href":"https:\/\/applego.pl\/pl\/wp-json\/wp\/v2\/types\/page"}],"author":[{"embeddable":true,"href":"https:\/\/applego.pl\/pl\/wp-json\/wp\/v2\/users\/1"}],"replies":[{"embeddable":true,"href":"https:\/\/applego.pl\/pl\/wp-json\/wp\/v2\/comments?post=126"}],"version-history":[{"count":25,"href":"https:\/\/applego.pl\/pl\/wp-json\/wp\/v2\/pages\/126\/revisions"}],"predecessor-version":[{"id":2377,"href":"https:\/\/applego.pl\/pl\/wp-json\/wp\/v2\/pages\/126\/revisions\/2377"}],"wp:attachment":[{"href":"https:\/\/applego.pl\/pl\/wp-json\/wp\/v2\/media?parent=126"}],"curies":[{"name":"wp","href":"https:\/\/api.w.org\/{rel}","templated":true}]}}