{"id":122,"date":"2025-04-06T14:45:59","date_gmt":"2025-04-06T11:45:59","guid":{"rendered":"https:\/\/applego.pl\/?page_id=122"},"modified":"2025-04-30T21:31:19","modified_gmt":"2025-04-30T18:31:19","slug":"garantija","status":"publish","type":"page","link":"https:\/\/applego.pl\/pl\/garantija\/","title":{"rendered":"Gwarancja"},"content":{"rendered":"<div data-elementor-type=\"wp-page\" data-elementor-id=\"122\" class=\"elementor elementor-122\">\n\t\t\t\t<div class=\"elementor-element elementor-element-1e47b29d e-flex e-con-boxed e-con e-parent\" data-id=\"1e47b29d\" data-element_type=\"container\">\n\t\t\t\t\t<div class=\"e-con-inner\">\n\t\t\t\t<div class=\"elementor-element elementor-element-6954ae8 elementor-widget elementor-widget-heading\" data-id=\"6954ae8\" data-element_type=\"widget\" data-widget_type=\"heading.default\">\n\t\t\t\t<div class=\"elementor-widget-container\">\n\t\t\t\t\t<h2 class=\"elementor-heading-title elementor-size-default\">Gwarancja i zwroty<\/h2>\t\t\t\t<\/div>\n\t\t\t\t<\/div>\n\t\t\t\t<div class=\"elementor-element elementor-element-2bff1873 elementor-widget elementor-widget-text-editor\" data-id=\"2bff1873\" data-element_type=\"widget\" data-widget_type=\"text-editor.default\">\n\t\t\t\t<div class=\"elementor-widget-container\">\n\t\t\t\t\t\t\t\t\t\n<div class=\"wp-block-columns is-layout-flex wp-container-core-columns-is-layout-9d6595d7 wp-block-columns-is-layout-flex\">\n<div class=\"wp-block-column is-layout-flow wp-block-column-is-layout-flow\">\n<p><strong>Zobowi\u0105zania gwarancyjne<\/strong><\/p>\n<p class=\"translation-block\">Na ca\u0142y sprz\u0119t zakupiony w naszym sklepie udzielana jest gwarancja na okres 12 miesi\u0119cy od daty zakupu.\nNa akcesoria niezawieraj\u0105ce element\u00f3w elektronicznych \u2014 14 dni od daty zakupu.\n\nGwarancja obejmuje wy\u0142\u0105cznie wady fabryczne. Charakter usterki oraz jej przyczyny s\u0105 ustalane przez specjalist\u00f3w naszego dzia\u0142u gwarancyjnego na podstawie wynik\u00f3w diagnozy. Czas diagnozy mo\u017ce wynosi\u0107 do 21 dni kalendarzowych.\n\nJe\u015bli klient nie zgadza si\u0119 z wynikami diagnozy, ma prawo zwr\u00f3ci\u0107 si\u0119 do niezale\u017cnego eksperta zgodnie z przepisami polskiego prawa (Ustawa o prawach konsumenta z dnia 30 maja 2014 r.).\n\nProcedura oddania sprz\u0119tu do serwisu gwarancyjnego\nDostarczenie towaru do serwisu odbywa si\u0119 na koszt klienta do biura sprzedawcy.\nJe\u015bli znajdujesz si\u0119 w innym mie\u015bcie, mo\u017cesz wys\u0142a\u0107 urz\u0105dzenie za po\u015brednictwem firm kurierskich dzia\u0142aj\u0105cych na terenie Polski:\n\n    InPost\n\n    DPD Polska\n\n    DHL Parcel\n\n    Poczta Polska<\/p>\n<p><strong>Gwarancja nie obejmuje urz\u0105dze\u0144:<\/strong><\/p>\n<p class=\"translation-block\">Z oznakami otwierania, pr\u00f3b samodzielnej naprawy lub ingerencji os\u00f3b trzecich;\nZ uszkodzeniami mechanicznymi lub \u015bladami dzia\u0142ania cieczy czy cia\u0142 obcych;\nZ uszkodzeniami powsta\u0142ymi w wyniku nieprawid\u0142owej eksploatacji, pod\u0142\u0105czenia lub u\u017cytkowania w warunkach nieprzewidzianych przez producenta;\nZ usterkami spowodowanymi modyfikacjami konstrukcji lub oprogramowania dokonanymi przez u\u017cytkownika;\nZ wadami ekranu w postaci nie wi\u0119cej ni\u017c 4 martwych pikseli (co nie jest uznawane za przypadek gwarancyjny).\n\nCo nale\u017cy zrobi\u0107 przed oddaniem urz\u0105dzenia do serwisu:<\/p>\n<p class=\"translation-block\"><p><strong>Co nale\u017cy zrobi\u0107 przed oddaniem urz\u0105dzenia do serwisu:<\/strong><\/p>\n\n<ul>\n  <li>Zachowaj dane. Wykonaj kopi\u0119 zapasow\u0105 urz\u0105dzenia (iPhone, iPad, Mac, Apple Watch).<\/li>\n  <li>Wy\u0142\u0105cz funkcj\u0119 \u201eZnajd\u017a m\u00f3j iPhone\u201d \/ <em>Find My<\/em>. To warunek obowi\u0105zkowy.<\/li>\n  <li>Wyjmij kart\u0119 SIM. Przechowuj j\u0105 oddzielnie.<\/li>\n  <li>Usu\u0144 wszystkie akcesoria: etui, \u0142adowarki, kable, uchwyty itp.<\/li>\n<\/ul>\n\n<p><strong>Uwaga:<\/strong> urz\u0105dzenia z aktywn\u0105 funkcj\u0105 <em>Find My<\/em> nie s\u0105 przyjmowane do serwisu zgodnie z polityk\u0105 Apple. Je\u015bli zapomnia\u0142e\u015b swojego Apple ID lub has\u0142a, odzyskaj dost\u0119p przez stron\u0119 <a href=\"https:\/\/iforgot.apple.com\" target=\"_blank\">iForgot.apple.com<\/a>.<\/p><\/p>\n<\/div>\n\n<div class=\"wp-block-column is-layout-flow wp-block-column-is-layout-flow\">\n<p><strong>Zwrot i wymiana towar\u00f3w<\/strong><\/p>\n<p class=\"translation-block\"><p>Kupuj\u0105cy ma prawo do zwrotu towaru lub jego wymiany na nowy w ci\u0105gu 14 dni od daty zakupu, pod warunkiem stwierdzenia wady fabrycznej potwierdzonej wynikami diagnozy.<\/p>\n\n<p>Po up\u0142ywie 14 dni towary z potwierdzon\u0105 wad\u0105 fabryczn\u0105 s\u0105 przyjmowane do naprawy gwarancyjnej. Czas naprawy wynosi maksymalnie 45 dni kalendarzowych.<\/p><\/p>\n<\/div>\n<\/div>\n\t\t\t\t\t\t\t\t<\/div>\n\t\t\t\t<\/div>\n\t\t\t\t\t<\/div>\n\t\t\t\t<\/div>\n\t\t<div class=\"elementor-element elementor-element-cb7838b e-flex e-con-boxed e-con e-parent\" data-id=\"cb7838b\" data-element_type=\"container\">\n\t\t\t\t\t<div class=\"e-con-inner\">\n\t\t\t\t<div class=\"elementor-element elementor-element-3831987 elementor-widget elementor-widget-shortcode\" data-id=\"3831987\" data-element_type=\"widget\" data-widget_type=\"shortcode.default\">\n\t\t\t\t<div class=\"elementor-widget-container\">\n\t\t\t\t\t\t\t<div class=\"elementor-shortcode\"><section class=\"have-question\">\n    <div class=\"container\">\n        <div class=\"have-question__title\">\n            <img src='https:\/\/applego.pl\/wp-content\/themes\/applego\/img\/icon\/comment.svg' alt='message'>\n            <h3>\u041e\u0441\u0442\u0430\u043b\u0438\u0441\u044c \u0432\u043e\u043f\u0440\u043e\u0441\u044b?<\/h3>\n            \n        <\/div>\n        <p class=\"have-question__subtitle translation-block\">Nasz zesp\u00f3\u0142 ekspert\u00f3w jest gotowy pom\u00f3c w wyborze, zakupie i z\u0142o\u017ceniu zam\u00f3wienia <br>\n. Napisz do nas lub zostaw zapytanie online.<\/p>\n        <div class=\"have-question__links\">\n            <a class='open-contact-popup'>Zostaw pro\u015bb\u0119 o kontakt<\/a>\n            <a href=\"https:\/\/wa.me\/48730577887\" target=\"_blank\">WhatsApp<\/a>\n            <a href=\"https:\/\/t.me\/applego_maneger\" target=\"_blank\">\n                Telegram\n            <\/a>\n        <\/div>\n    <\/div>\n<\/section><\/div>\n\t\t\t\t\t\t<\/div>\n\t\t\t\t<\/div>\n\t\t\t\t\t<\/div>\n\t\t\t\t<\/div>\n\t\t\t\t<\/div>","protected":false},"excerpt":{"rendered":"<p>\u0413\u0430\u0440\u0430\u043d\u0442\u0438\u044f \u0438 \u0432\u043e\u0437\u0432\u0440\u0430\u0442 \u0413\u0430\u0440\u0430\u043d\u0442\u0438\u0439\u043d\u044b\u0435 \u043e\u0431\u044f\u0437\u0430\u0442\u0435\u043b\u044c\u0441\u0442\u0432\u0430 \u041d\u0430 \u0432\u0441\u044e \u0442\u0435\u0445\u043d\u0438\u043a\u0443, \u043f\u0440\u0438\u043e\u0431\u0440\u0435\u0442\u0451\u043d\u043d\u0443\u044e \u0432 \u043d\u0430\u0448\u0435\u043c \u043c\u0430\u0433\u0430\u0437\u0438\u043d\u0435, \u043f\u0440\u0435\u0434\u043e\u0441\u0442\u0430\u0432\u043b\u044f\u0435\u0442\u0441\u044f \u0433\u0430\u0440\u0430\u043d\u0442\u0438\u044f \u0441\u0440\u043e\u043a\u043e\u043c 12 \u043c\u0435\u0441\u044f\u0446\u0435\u0432 \u0441 \u0434\u0430\u0442\u044b \u043f\u043e\u043a\u0443\u043f\u043a\u0438.\u041d\u0430 \u0430\u043a\u0441\u0435\u0441\u0441\u0443\u0430\u0440\u044b, \u043d\u0435 \u0441\u043e\u0434\u0435\u0440\u0436\u0430\u0449\u0438\u0435 \u044d\u043b\u0435\u043a\u0442\u0440\u043e\u043d\u043d\u044b\u0445 \u043a\u043e\u043c\u043f\u043e\u043d\u0435\u043d\u0442\u043e\u0432, \u2014 14 \u0434\u043d\u0435\u0439 \u0441 \u0434\u0430\u0442\u044b \u043f\u043e\u043a\u0443\u043f\u043a\u0438. \u0413\u0430\u0440\u0430\u043d\u0442\u0438\u044f \u043f\u043e\u043a\u0440\u044b\u0432\u0430\u0435\u0442 \u0442\u043e\u043b\u044c\u043a\u043e \u0437\u0430\u0432\u043e\u0434\u0441\u043a\u0438\u0435 \u0434\u0435\u0444\u0435\u043a\u0442\u044b. \u0425\u0430\u0440\u0430\u043a\u0442\u0435\u0440 \u043d\u0435\u0438\u0441\u043f\u0440\u0430\u0432\u043d\u043e\u0441\u0442\u0438 \u0438 \u0435\u0451 \u043f\u0440\u0438\u0447\u0438\u043d\u044b \u043e\u043f\u0440\u0435\u0434\u0435\u043b\u044f\u044e\u0442\u0441\u044f \u0441\u043f\u0435\u0446\u0438\u0430\u043b\u0438\u0441\u0442\u0430\u043c\u0438 \u043d\u0430\u0448\u0435\u0433\u043e \u0433\u0430\u0440\u0430\u043d\u0442\u0438\u0439\u043d\u043e\u0433\u043e \u043e\u0442\u0434\u0435\u043b\u0430 \u043f\u043e \u0440\u0435\u0437\u0443\u043b\u044c\u0442\u0430\u0442\u0430\u043c \u0434\u0438\u0430\u0433\u043d\u043e\u0441\u0442\u0438\u043a\u0438. \u0421\u0440\u043e\u043a \u0434\u0438\u0430\u0433\u043d\u043e\u0441\u0442\u0438\u043a\u0438 \u043c\u043e\u0436\u0435\u0442 \u0441\u043e\u0441\u0442\u0430\u0432\u043b\u044f\u0442\u044c \u0434\u043e 21 [&hellip;]<\/p>","protected":false},"author":1,"featured_media":0,"parent":0,"menu_order":0,"comment_status":"closed","ping_status":"closed","template":"","meta":{"inline_featured_image":false,"footnotes":""},"class_list":["post-122","page","type-page","status-publish","hentry"],"yoast_head":"<!-- This site is optimized with the Yoast SEO plugin v25.2 - https:\/\/yoast.com\/wordpress\/plugins\/seo\/ -->\n<title>\u0413\u0430\u0440\u0430\u043d\u0442\u0438\u044f - applego<\/title>\n<meta name=\"robots\" content=\"index, follow, max-snippet:-1, max-image-preview:large, max-video-preview:-1\" \/>\n<link rel=\"canonical\" href=\"https:\/\/applego.pl\/pl\/garantija\/\" \/>\n<meta property=\"og:locale\" content=\"pl_PL\" \/>\n<meta property=\"og:type\" content=\"article\" \/>\n<meta property=\"og:title\" content=\"\u0413\u0430\u0440\u0430\u043d\u0442\u0438\u044f - applego\" \/>\n<meta property=\"og:description\" content=\"\u0413\u0430\u0440\u0430\u043d\u0442\u0438\u044f \u0438 \u0432\u043e\u0437\u0432\u0440\u0430\u0442 \u0413\u0430\u0440\u0430\u043d\u0442\u0438\u0439\u043d\u044b\u0435 \u043e\u0431\u044f\u0437\u0430\u0442\u0435\u043b\u044c\u0441\u0442\u0432\u0430 \u041d\u0430 \u0432\u0441\u044e \u0442\u0435\u0445\u043d\u0438\u043a\u0443, \u043f\u0440\u0438\u043e\u0431\u0440\u0435\u0442\u0451\u043d\u043d\u0443\u044e \u0432 \u043d\u0430\u0448\u0435\u043c \u043c\u0430\u0433\u0430\u0437\u0438\u043d\u0435, \u043f\u0440\u0435\u0434\u043e\u0441\u0442\u0430\u0432\u043b\u044f\u0435\u0442\u0441\u044f \u0433\u0430\u0440\u0430\u043d\u0442\u0438\u044f \u0441\u0440\u043e\u043a\u043e\u043c 12 \u043c\u0435\u0441\u044f\u0446\u0435\u0432 \u0441 \u0434\u0430\u0442\u044b \u043f\u043e\u043a\u0443\u043f\u043a\u0438.\u041d\u0430 \u0430\u043a\u0441\u0435\u0441\u0441\u0443\u0430\u0440\u044b, \u043d\u0435 \u0441\u043e\u0434\u0435\u0440\u0436\u0430\u0449\u0438\u0435 \u044d\u043b\u0435\u043a\u0442\u0440\u043e\u043d\u043d\u044b\u0445 \u043a\u043e\u043c\u043f\u043e\u043d\u0435\u043d\u0442\u043e\u0432, \u2014 14 \u0434\u043d\u0435\u0439 \u0441 \u0434\u0430\u0442\u044b \u043f\u043e\u043a\u0443\u043f\u043a\u0438. \u0413\u0430\u0440\u0430\u043d\u0442\u0438\u044f \u043f\u043e\u043a\u0440\u044b\u0432\u0430\u0435\u0442 \u0442\u043e\u043b\u044c\u043a\u043e \u0437\u0430\u0432\u043e\u0434\u0441\u043a\u0438\u0435 \u0434\u0435\u0444\u0435\u043a\u0442\u044b. \u0425\u0430\u0440\u0430\u043a\u0442\u0435\u0440 \u043d\u0435\u0438\u0441\u043f\u0440\u0430\u0432\u043d\u043e\u0441\u0442\u0438 \u0438 \u0435\u0451 \u043f\u0440\u0438\u0447\u0438\u043d\u044b \u043e\u043f\u0440\u0435\u0434\u0435\u043b\u044f\u044e\u0442\u0441\u044f \u0441\u043f\u0435\u0446\u0438\u0430\u043b\u0438\u0441\u0442\u0430\u043c\u0438 \u043d\u0430\u0448\u0435\u0433\u043e \u0433\u0430\u0440\u0430\u043d\u0442\u0438\u0439\u043d\u043e\u0433\u043e \u043e\u0442\u0434\u0435\u043b\u0430 \u043f\u043e \u0440\u0435\u0437\u0443\u043b\u044c\u0442\u0430\u0442\u0430\u043c \u0434\u0438\u0430\u0433\u043d\u043e\u0441\u0442\u0438\u043a\u0438. \u0421\u0440\u043e\u043a \u0434\u0438\u0430\u0433\u043d\u043e\u0441\u0442\u0438\u043a\u0438 \u043c\u043e\u0436\u0435\u0442 \u0441\u043e\u0441\u0442\u0430\u0432\u043b\u044f\u0442\u044c \u0434\u043e 21 [&hellip;]\" \/>\n<meta property=\"og:url\" content=\"https:\/\/applego.pl\/pl\/garantija\/\" \/>\n<meta property=\"og:site_name\" content=\"applego\" \/>\n<meta property=\"article:modified_time\" content=\"2025-04-30T18:31:19+00:00\" \/>\n<meta property=\"og:image\" content=\"https:\/\/applego.pl\/wp-content\/uploads\/2025\/06\/baner.png\" \/>\n\t<meta property=\"og:image:width\" content=\"1200\" \/>\n\t<meta property=\"og:image:height\" content=\"675\" \/>\n\t<meta property=\"og:image:type\" content=\"image\/png\" \/>\n<meta name=\"twitter:card\" content=\"summary_large_image\" \/>\n<script type=\"application\/ld+json\" class=\"yoast-schema-graph\">{\"@context\":\"https:\/\/schema.org\",\"@graph\":[{\"@type\":\"WebPage\",\"@id\":\"https:\/\/applego.pl\/garantija\/\",\"url\":\"https:\/\/applego.pl\/garantija\/\",\"name\":\"\u0413\u0430\u0440\u0430\u043d\u0442\u0438\u044f - applego\",\"isPartOf\":{\"@id\":\"https:\/\/applego.pl\/#website\"},\"datePublished\":\"2025-04-06T11:45:59+00:00\",\"dateModified\":\"2025-04-30T18:31:19+00:00\",\"breadcrumb\":{\"@id\":\"https:\/\/applego.pl\/garantija\/#breadcrumb\"},\"inLanguage\":\"pl-PL\",\"potentialAction\":[{\"@type\":\"ReadAction\",\"target\":[\"https:\/\/applego.pl\/garantija\/\"]}]},{\"@type\":\"BreadcrumbList\",\"@id\":\"https:\/\/applego.pl\/garantija\/#breadcrumb\",\"itemListElement\":[{\"@type\":\"ListItem\",\"position\":1,\"name\":\"\u0413\u043b\u0430\u0432\u043d\u0430\u044f \u0441\u0442\u0440\u0430\u043d\u0438\u0446\u0430\",\"item\":\"https:\/\/applego.pl\/\"},{\"@type\":\"ListItem\",\"position\":2,\"name\":\"\u0413\u0430\u0440\u0430\u043d\u0442\u0438\u044f\"}]},{\"@type\":\"WebSite\",\"@id\":\"https:\/\/applego.pl\/#website\",\"url\":\"https:\/\/applego.pl\/\",\"name\":\"applego\",\"description\":\"\u0421\u0430\u043c\u044b\u0439 \u0443\u0434\u043e\u0431\u043d\u044b\u0439 \u0441\u043f\u043e\u0441\u043e\u0431 \u043a\u0443\u043f\u0438\u0442\u044c \u0438 \u043e\u0431\u0441\u043b\u0443\u0436\u0438\u0442\u044c \u0442\u0435\u0445\u043d\u0438\u043a\u0443 Apple \u0432 \u0412\u0430\u0440\u0448\u0430\u0432\u0435\",\"publisher\":{\"@id\":\"https:\/\/applego.pl\/#organization\"},\"potentialAction\":[{\"@type\":\"SearchAction\",\"target\":{\"@type\":\"EntryPoint\",\"urlTemplate\":\"https:\/\/applego.pl\/?s={search_term_string}\"},\"query-input\":{\"@type\":\"PropertyValueSpecification\",\"valueRequired\":true,\"valueName\":\"search_term_string\"}}],\"inLanguage\":\"pl-PL\"},{\"@type\":\"Organization\",\"@id\":\"https:\/\/applego.pl\/#organization\",\"name\":\"applego\",\"url\":\"https:\/\/applego.pl\/\",\"logo\":{\"@type\":\"ImageObject\",\"inLanguage\":\"pl-PL\",\"@id\":\"https:\/\/applego.pl\/#\/schema\/logo\/image\/\",\"url\":\"https:\/\/applego.pl\/wp-content\/uploads\/2025\/06\/cropped-cropped-fav-1-1.png\",\"contentUrl\":\"https:\/\/applego.pl\/wp-content\/uploads\/2025\/06\/cropped-cropped-fav-1-1.png\",\"width\":512,\"height\":512,\"caption\":\"applego\"},\"image\":{\"@id\":\"https:\/\/applego.pl\/#\/schema\/logo\/image\/\"}}]}<\/script>\n<!-- \/ Yoast SEO plugin. -->","yoast_head_json":{"title":"\u0413\u0430\u0440\u0430\u043d\u0442\u0438\u044f - applego","robots":{"index":"index","follow":"follow","max-snippet":"max-snippet:-1","max-image-preview":"max-image-preview:large","max-video-preview":"max-video-preview:-1"},"canonical":"https:\/\/applego.pl\/pl\/garantija\/","og_locale":"pl_PL","og_type":"article","og_title":"\u0413\u0430\u0440\u0430\u043d\u0442\u0438\u044f - applego","og_description":"\u0413\u0430\u0440\u0430\u043d\u0442\u0438\u044f \u0438 \u0432\u043e\u0437\u0432\u0440\u0430\u0442 \u0413\u0430\u0440\u0430\u043d\u0442\u0438\u0439\u043d\u044b\u0435 \u043e\u0431\u044f\u0437\u0430\u0442\u0435\u043b\u044c\u0441\u0442\u0432\u0430 \u041d\u0430 \u0432\u0441\u044e \u0442\u0435\u0445\u043d\u0438\u043a\u0443, \u043f\u0440\u0438\u043e\u0431\u0440\u0435\u0442\u0451\u043d\u043d\u0443\u044e \u0432 \u043d\u0430\u0448\u0435\u043c \u043c\u0430\u0433\u0430\u0437\u0438\u043d\u0435, \u043f\u0440\u0435\u0434\u043e\u0441\u0442\u0430\u0432\u043b\u044f\u0435\u0442\u0441\u044f \u0433\u0430\u0440\u0430\u043d\u0442\u0438\u044f \u0441\u0440\u043e\u043a\u043e\u043c 12 \u043c\u0435\u0441\u044f\u0446\u0435\u0432 \u0441 \u0434\u0430\u0442\u044b \u043f\u043e\u043a\u0443\u043f\u043a\u0438.\u041d\u0430 \u0430\u043a\u0441\u0435\u0441\u0441\u0443\u0430\u0440\u044b, \u043d\u0435 \u0441\u043e\u0434\u0435\u0440\u0436\u0430\u0449\u0438\u0435 \u044d\u043b\u0435\u043a\u0442\u0440\u043e\u043d\u043d\u044b\u0445 \u043a\u043e\u043c\u043f\u043e\u043d\u0435\u043d\u0442\u043e\u0432, \u2014 14 \u0434\u043d\u0435\u0439 \u0441 \u0434\u0430\u0442\u044b \u043f\u043e\u043a\u0443\u043f\u043a\u0438. \u0413\u0430\u0440\u0430\u043d\u0442\u0438\u044f \u043f\u043e\u043a\u0440\u044b\u0432\u0430\u0435\u0442 \u0442\u043e\u043b\u044c\u043a\u043e \u0437\u0430\u0432\u043e\u0434\u0441\u043a\u0438\u0435 \u0434\u0435\u0444\u0435\u043a\u0442\u044b. \u0425\u0430\u0440\u0430\u043a\u0442\u0435\u0440 \u043d\u0435\u0438\u0441\u043f\u0440\u0430\u0432\u043d\u043e\u0441\u0442\u0438 \u0438 \u0435\u0451 \u043f\u0440\u0438\u0447\u0438\u043d\u044b \u043e\u043f\u0440\u0435\u0434\u0435\u043b\u044f\u044e\u0442\u0441\u044f \u0441\u043f\u0435\u0446\u0438\u0430\u043b\u0438\u0441\u0442\u0430\u043c\u0438 \u043d\u0430\u0448\u0435\u0433\u043e \u0433\u0430\u0440\u0430\u043d\u0442\u0438\u0439\u043d\u043e\u0433\u043e \u043e\u0442\u0434\u0435\u043b\u0430 \u043f\u043e \u0440\u0435\u0437\u0443\u043b\u044c\u0442\u0430\u0442\u0430\u043c \u0434\u0438\u0430\u0433\u043d\u043e\u0441\u0442\u0438\u043a\u0438. \u0421\u0440\u043e\u043a \u0434\u0438\u0430\u0433\u043d\u043e\u0441\u0442\u0438\u043a\u0438 \u043c\u043e\u0436\u0435\u0442 \u0441\u043e\u0441\u0442\u0430\u0432\u043b\u044f\u0442\u044c \u0434\u043e 21 [&hellip;]","og_url":"https:\/\/applego.pl\/pl\/garantija\/","og_site_name":"applego","article_modified_time":"2025-04-30T18:31:19+00:00","og_image":[{"width":1200,"height":675,"url":"https:\/\/applego.pl\/wp-content\/uploads\/2025\/06\/baner.png","type":"image\/png"}],"twitter_card":"summary_large_image","schema":{"@context":"https:\/\/schema.org","@graph":[{"@type":"WebPage","@id":"https:\/\/applego.pl\/garantija\/","url":"https:\/\/applego.pl\/garantija\/","name":"\u0413\u0430\u0440\u0430\u043d\u0442\u0438\u044f - applego","isPartOf":{"@id":"https:\/\/applego.pl\/#website"},"datePublished":"2025-04-06T11:45:59+00:00","dateModified":"2025-04-30T18:31:19+00:00","breadcrumb":{"@id":"https:\/\/applego.pl\/garantija\/#breadcrumb"},"inLanguage":"pl-PL","potentialAction":[{"@type":"ReadAction","target":["https:\/\/applego.pl\/garantija\/"]}]},{"@type":"BreadcrumbList","@id":"https:\/\/applego.pl\/garantija\/#breadcrumb","itemListElement":[{"@type":"ListItem","position":1,"name":"\u0413\u043b\u0430\u0432\u043d\u0430\u044f \u0441\u0442\u0440\u0430\u043d\u0438\u0446\u0430","item":"https:\/\/applego.pl\/"},{"@type":"ListItem","position":2,"name":"\u0413\u0430\u0440\u0430\u043d\u0442\u0438\u044f"}]},{"@type":"WebSite","@id":"https:\/\/applego.pl\/#website","url":"https:\/\/applego.pl\/","name":"applego","description":"\u0421\u0430\u043c\u044b\u0439 \u0443\u0434\u043e\u0431\u043d\u044b\u0439 \u0441\u043f\u043e\u0441\u043e\u0431 \u043a\u0443\u043f\u0438\u0442\u044c \u0438 \u043e\u0431\u0441\u043b\u0443\u0436\u0438\u0442\u044c \u0442\u0435\u0445\u043d\u0438\u043a\u0443 Apple \u0432 \u0412\u0430\u0440\u0448\u0430\u0432\u0435","publisher":{"@id":"https:\/\/applego.pl\/#organization"},"potentialAction":[{"@type":"SearchAction","target":{"@type":"EntryPoint","urlTemplate":"https:\/\/applego.pl\/?s={search_term_string}"},"query-input":{"@type":"PropertyValueSpecification","valueRequired":true,"valueName":"search_term_string"}}],"inLanguage":"pl-PL"},{"@type":"Organization","@id":"https:\/\/applego.pl\/#organization","name":"applego","url":"https:\/\/applego.pl\/","logo":{"@type":"ImageObject","inLanguage":"pl-PL","@id":"https:\/\/applego.pl\/#\/schema\/logo\/image\/","url":"https:\/\/applego.pl\/wp-content\/uploads\/2025\/06\/cropped-cropped-fav-1-1.png","contentUrl":"https:\/\/applego.pl\/wp-content\/uploads\/2025\/06\/cropped-cropped-fav-1-1.png","width":512,"height":512,"caption":"applego"},"image":{"@id":"https:\/\/applego.pl\/#\/schema\/logo\/image\/"}}]}},"_links":{"self":[{"href":"https:\/\/applego.pl\/pl\/wp-json\/wp\/v2\/pages\/122","targetHints":{"allow":["GET"]}}],"collection":[{"href":"https:\/\/applego.pl\/pl\/wp-json\/wp\/v2\/pages"}],"about":[{"href":"https:\/\/applego.pl\/pl\/wp-json\/wp\/v2\/types\/page"}],"author":[{"embeddable":true,"href":"https:\/\/applego.pl\/pl\/wp-json\/wp\/v2\/users\/1"}],"replies":[{"embeddable":true,"href":"https:\/\/applego.pl\/pl\/wp-json\/wp\/v2\/comments?post=122"}],"version-history":[{"count":17,"href":"https:\/\/applego.pl\/pl\/wp-json\/wp\/v2\/pages\/122\/revisions"}],"predecessor-version":[{"id":626,"href":"https:\/\/applego.pl\/pl\/wp-json\/wp\/v2\/pages\/122\/revisions\/626"}],"wp:attachment":[{"href":"https:\/\/applego.pl\/pl\/wp-json\/wp\/v2\/media?parent=122"}],"curies":[{"name":"wp","href":"https:\/\/api.w.org\/{rel}","templated":true}]}}